{"id":969,"date":"2021-02-15T00:49:43","date_gmt":"2021-02-15T00:49:43","guid":{"rendered":"https:\/\/bslthemes.site\/quarty\/?page_id=969"},"modified":"2022-12-13T13:16:18","modified_gmt":"2022-12-13T13:16:18","slug":"shipping-konteyner-moduller","status":"publish","type":"page","link":"https:\/\/www.ggtinyhouse.com\/?page_id=969","title":{"rendered":"Shipping Konteyner Mod\u00fcller"},"content":{"rendered":"\t\t<div data-elementor-type=\"wp-page\" data-elementor-id=\"969\" class=\"elementor elementor-969\">\n\t\t\t\t\t\t<section class=\"elementor-section elementor-top-section elementor-element elementor-element-52b3c17 elementor-section-full_width elementor-section-height-default elementor-section-height-default\" data-id=\"52b3c17\" data-element_type=\"section\" data-e-type=\"section\">\n\t\t\t\t\t\t<div class=\"elementor-container elementor-column-gap-no\">\n\t\t\t\t\t<div class=\"elementor-column elementor-col-100 elementor-top-column elementor-element elementor-element-bb186ce\" data-id=\"bb186ce\" data-element_type=\"column\" data-e-type=\"column\">\n\t\t\t<div class=\"elementor-widget-wrap elementor-element-populated\">\n\t\t\t\t\t\t<div class=\"elementor-element elementor-element-b5f60cb elementor-widget elementor-widget-quarty-portfolio\" data-id=\"b5f60cb\" data-element_type=\"widget\" data-e-type=\"widget\" data-widget_type=\"quarty-portfolio.default\">\n\t\t\t\t<div class=\"elementor-widget-container\">\n\t\t\t\t\t\n\t\t<div class=\"qrt-section qrt-section-sf\">\n\t\t\t\t\t\t<div class=\"row\">\n\t\t\t  <div class=\"col-lg-12\">\n\t\t\t    <h3 class=\"qrt-mb-40 qrt-title-h\">\n\t\t\t    \t<span >\n\t\t          \t\tShipping Konteyner Mod\u00fcller\t\t        \t<\/span>\n\t\t\t    <\/h3>\n\t\t\t  <\/div>\n\t\t\t<\/div>\n\t\t\t\n\t\t\t\n                        <div class=\"qrt-masonry-grid qrt-mb-40 qrt-grid-3-col qrt-gallery\">\n\n              <div class=\"qrt-grid-sizer\"><\/div>\n\n                           \t\n\n<div class=\"qrt-masonry-grid-item qrt-masonry-grid-item-50 category-shipping-container-20ft-hc \">\n  <div class=\"qrt-work-item\">\n        <a  data-magnific-gallery data-no-swup data-elementor-lightbox-slideshow=\"gallery\" data-elementor-lightbox-title=\"Shipping Container 20ft HC\" href=\"https:\/\/www.ggtinyhouse.com\/wp-content\/uploads\/2020\/09\/20ftcontainer.jpg\" class=\"qrt-cursor-scale qrt-work-cover-frame\">\n      <img decoding=\"async\" src=\"https:\/\/www.ggtinyhouse.com\/wp-content\/uploads\/2020\/09\/20ftcontainer.jpg\" alt=\"Shipping Container 20ft HC\">\n      <div class=\"qrt-item-zoom qrt-cursor-color\"><i class=\"fas fa-expand\"><\/i><\/div>\n      <div class=\"qrt-work-category\"><span>Shipping Container 20ft HC <\/span><\/div>\n    <\/a>\n        <div class=\"qrt-work-descr\">\n            <h4 class=\"qrt-cursor-color qrt-white\">\n        <a href=\"https:\/\/www.ggtinyhouse.com\/?portfolio=hostel-waterline\" class=\"qrt-anima-link\">Shipping Container 20ft HC<\/a>\n      <\/h4>\n            <a href=\"https:\/\/www.ggtinyhouse.com\/?portfolio=hostel-waterline\" class=\"qrt-cursor-scale qrt-work-more qrt-anima-link\"><i class=\"fas fa-arrow-right\"><\/i><\/a>\n    <\/div>\n  <\/div>\n<\/div>          \t               \t\n\n<div class=\"qrt-masonry-grid-item qrt-masonry-grid-item-50 category-shipping-container-30ft-hc \">\n  <div class=\"qrt-work-item\">\n        <a  data-magnific-gallery data-no-swup data-elementor-lightbox-slideshow=\"gallery\" data-elementor-lightbox-title=\"Shipping Container 30ft HC\" href=\"https:\/\/www.ggtinyhouse.com\/wp-content\/uploads\/2020\/09\/30ftcontainer.jpg\" class=\"qrt-cursor-scale qrt-work-cover-frame\">\n      <img decoding=\"async\" src=\"https:\/\/www.ggtinyhouse.com\/wp-content\/uploads\/2020\/09\/30ftcontainer.jpg\" alt=\"Shipping Container 30ft HC\">\n      <div class=\"qrt-item-zoom qrt-cursor-color\"><i class=\"fas fa-expand\"><\/i><\/div>\n      <div class=\"qrt-work-category\"><span>Shipping Container 30ft HC <\/span><\/div>\n    <\/a>\n        <div class=\"qrt-work-descr\">\n            <h4 class=\"qrt-cursor-color qrt-white\">\n        <a href=\"https:\/\/www.ggtinyhouse.com\/?portfolio=modern-country-house\" class=\"qrt-anima-link\">Shipping Container 30ft HC<\/a>\n      <\/h4>\n            <a href=\"https:\/\/www.ggtinyhouse.com\/?portfolio=modern-country-house\" class=\"qrt-cursor-scale qrt-work-more qrt-anima-link\"><i class=\"fas fa-arrow-right\"><\/i><\/a>\n    <\/div>\n  <\/div>\n<\/div>          \t               \t\n\n<div class=\"qrt-masonry-grid-item qrt-masonry-grid-item-50 qrt-masonry-grid-item-h-x-2 category-shipping-container-40ft-hc \">\n  <div class=\"qrt-work-item\">\n        <a  data-magnific-gallery data-no-swup data-elementor-lightbox-slideshow=\"gallery\" data-elementor-lightbox-title=\"Shipping Container 40ft HC\" href=\"https:\/\/www.ggtinyhouse.com\/wp-content\/uploads\/2020\/09\/30ftfull.jpeg\" class=\"qrt-cursor-scale qrt-work-cover-frame\">\n      <img decoding=\"async\" src=\"https:\/\/www.ggtinyhouse.com\/wp-content\/uploads\/2020\/09\/30ftfull.jpeg\" alt=\"Shipping Container 40ft HC\">\n      <div class=\"qrt-item-zoom qrt-cursor-color\"><i class=\"fas fa-expand\"><\/i><\/div>\n      <div class=\"qrt-work-category\"><span>Shipping Container 40ft HC <\/span><\/div>\n    <\/a>\n        <div class=\"qrt-work-descr\">\n            <h4 class=\"qrt-cursor-color qrt-white\">\n        <a href=\"https:\/\/www.ggtinyhouse.com\/?portfolio=weelywally-apartments\" class=\"qrt-anima-link\">Shipping Container 40ft HC<\/a>\n      <\/h4>\n            <a href=\"https:\/\/www.ggtinyhouse.com\/?portfolio=weelywally-apartments\" class=\"qrt-cursor-scale qrt-work-more qrt-anima-link\"><i class=\"fas fa-arrow-right\"><\/i><\/a>\n    <\/div>\n  <\/div>\n<\/div>          \t              <\/div>\n            \n\t\t  \t\n\t\t\t        <\/div> \n\n\t\t\t\t\t\t<\/div>\n\t\t\t\t<\/div>\n\t\t\t\t<div class=\"elementor-element elementor-element-717e997 elementor-widget elementor-widget-quarty-services\" data-id=\"717e997\" data-element_type=\"widget\" data-e-type=\"widget\" data-widget_type=\"quarty-services.default\">\n\t\t\t\t<div class=\"elementor-widget-container\">\n\t\t\t\t\t\n\t\t<div class=\"qrt-section qrt-section-sf\">\n\t\t\t<div class=\"row\">\n\t\t\t                <div class=\"col-lg-12\">\n                <h3 class=\"qrt-mb-40 qrt-title-h\">\n                \t<span >\n\t\t          \t\tShipping Konteyner Mod\u00fcller Hakk\u0131nda S\u0131k\u00e7a Sorulan Sorular\t\t         \t<\/span>\n                <\/h3>\n              <\/div>\n              \n                                          <div class=\"col-lg-4 qrt-service-item\">\n                <div class=\"qrt-icon-box\">\n                                    <img decoding=\"async\" class=\"mb-20\" src=\"https:\/\/www.ggtinyhouse.com\/wp-content\/uploads\/2022\/12\/question_mark_PNG60-256x237.png\" alt=\"Hangi Tip Bir Konteynere \u0130htiyac\u0131m Var?\">\n                  \n                                    <h4 class=\"mb-20 qrt-service-title\">\n                  \t<span >\n\t\t        \t\tHangi Tip Bir Konteynere \u0130htiyac\u0131m Var?\t\t        \t<\/span>\n                  <\/h4>\n                  \n                                    <div class=\"qrt-service-desc\">\t\n                  \t<div >\n\t\t        \t\t<p>Y\u00fck konteynerleri HC ve DC olmak \u00fczere ikiye ayr\u0131l\u0131r. M\u00fcmk\u00fcnse, y\u00fcksek tavan (HC) nakliye konteynerleri tercih etmenizi \u00f6neririz. DC konteynerlerden daha uzundurlar ve y\u00fcksek tavan mesafesi sa\u011flarlar.\u00a0<\/p>\t\t          \t<\/div>\n\t\t          <\/div>\n                                  <\/div>\n              <\/div>\n                            <div class=\"col-lg-4 qrt-service-item\">\n                <div class=\"qrt-icon-box\">\n                                    <img decoding=\"async\" class=\"mb-20\" src=\"https:\/\/www.ggtinyhouse.com\/wp-content\/uploads\/2022\/12\/question_mark_PNG60-256x237.png\" alt=\"Yeni mi? \u0130kinci El mi?\">\n                  \n                                    <h4 class=\"mb-20 qrt-service-title\">\n                  \t<span >\n\t\t        \t\tYeni mi? \u0130kinci El mi?\t\t        \t<\/span>\n                  <\/h4>\n                  \n                                    <div class=\"qrt-service-desc\">\t\n                  \t<div >\n\t\t        \t\t<p>\u0130kinci el konteynerler g\u00f6rsel veya dayan\u0131kl\u0131l\u0131k anlam\u0131nda endi\u015fe yaratsa da en az yeni konteyner kadar sa\u011flamlard\u0131r. Pek \u00e7ok m\u00fc\u015fterimiz ikinci el konteynerleri \u00e7evre konusunda bilin\u00e7li olduklar\u0131 ve paradan tasarruf etmek istedikleri i\u00e7in tercih ediyor.<\/p>\t\t          \t<\/div>\n\t\t          <\/div>\n                                  <\/div>\n              <\/div>\n                            <div class=\"col-lg-4 qrt-service-item\">\n                <div class=\"qrt-icon-box\">\n                                    <img decoding=\"async\" class=\"mb-20\" src=\"https:\/\/www.ggtinyhouse.com\/wp-content\/uploads\/2022\/12\/question_mark_PNG60-256x237.png\" alt=\"Kendim mi Yapmal\u0131y\u0131m? Yoksa Bir Y\u00fckleniciyle mi \u00c7al\u0131\u015fmal\u0131y\u0131m?\">\n                  \n                                    <h4 class=\"mb-20 qrt-service-title\">\n                  \t<span >\n\t\t        \t\tKendim mi Yapmal\u0131y\u0131m? Yoksa Bir Y\u00fckleniciyle mi \u00c7al\u0131\u015fmal\u0131y\u0131m?\t\t        \t<\/span>\n                  <\/h4>\n                  \n                                    <div class=\"qrt-service-desc\">\t\n                  \t<div >\n\t\t        \t\t<p>Pek \u00e7ok insan, ev in\u015fa ederken verdikleri m\u00fccadeleyi ve sonras\u0131ndaki ba\u015far\u0131y\u0131 sevdikleri i\u00e7in kendi nakliye konteyner evlerini yapmaktan keyif al\u0131r. Ancak, evi kendiniz in\u015fa etmek i\u00e7in en az\u0131ndan biraz in\u015faat deneyimine sahip olman\u0131z gerekir.<\/p><p>Ayr\u0131ca konteyner evi kendiniz in\u015fa etmek, bir y\u00fckleniciyle \u00e7al\u0131\u015fmaktan daha ucuz de\u011fildir. Profesyonel bir y\u00fckleniciyle \u00e7al\u0131\u015farak konteyner evinizin y\u00fcksek bir standartta in\u015fa edildi\u011finden emin olabilirsiniz.<\/p>\t\t          \t<\/div>\n\t\t          <\/div>\n                                  <\/div>\n              <\/div>\n                            <div class=\"col-lg-4 qrt-service-item\">\n                <div class=\"qrt-icon-box\">\n                                    <img decoding=\"async\" class=\"mb-20\" src=\"https:\/\/www.ggtinyhouse.com\/wp-content\/uploads\/2022\/12\/question_mark_PNG60-256x237.png\" alt=\"Vaktim Var m\u0131?\">\n                  \n                                    <h4 class=\"mb-20 qrt-service-title\">\n                  \t<span >\n\t\t        \t\tVaktim Var m\u0131?\t\t        \t<\/span>\n                  <\/h4>\n                  \n                                    <div class=\"qrt-service-desc\">\t\n                  \t<div >\n\t\t        \t\t<p>Yeterli zaman\u0131n\u0131z varsa ve ta\u015f\u0131nmak i\u00e7in aceleniz yoksa, bir nakliye konteyneri in\u015fa etmeyi d\u00fc\u015f\u00fcnebilirsiniz.<\/p><p>\u0130deal olarak s\u0131f\u0131rdan konteyner ev in\u015fa etmek i\u00e7in birka\u00e7 hafta veya ay ay\u0131rmal\u0131s\u0131n\u0131z.<\/p>\t\t          \t<\/div>\n\t\t          <\/div>\n                                  <\/div>\n              <\/div>\n                            <div class=\"col-lg-4 qrt-service-item\">\n                <div class=\"qrt-icon-box\">\n                                    <img decoding=\"async\" class=\"mb-20\" src=\"https:\/\/www.ggtinyhouse.com\/wp-content\/uploads\/2022\/12\/question_mark_PNG60-256x237.png\" alt=\"Evimin Nas\u0131l G\u00f6r\u00fcnmesini \u0130stiyorum?\">\n                  \n                                    <h4 class=\"mb-20 qrt-service-title\">\n                  \t<span >\n\t\t        \t\tEvimin Nas\u0131l G\u00f6r\u00fcnmesini \u0130stiyorum?\t\t        \t<\/span>\n                  <\/h4>\n                  \n                                    <div class=\"qrt-service-desc\">\t\n                  \t<div >\n\t\t        \t\t<p>Konteyner evinizi in\u015fa etmeye ba\u015flamadan \u00f6nce, evinizin nas\u0131l g\u00f6r\u00fcnmesini istedi\u011finiz konusunda kesin bir fikriniz ve bir plan\u0131n\u0131z olmas\u0131 gerekir.<\/p><p>Ka\u00e7 yatak odas\u0131 istiyoruz?\u00a0Odalar\u0131 ne kadar b\u00fcy\u00fck yapmal\u0131y\u0131z?\u00a0Mutfa\u011f\u0131 nereye yerle\u015ftirilmeliyiz?\u00a0gibi sorular\u0131 konteynerinizi sat\u0131n almadan \u00f6nce yan\u0131tlamal\u0131s\u0131n\u0131z.<\/p>\t\t          \t<\/div>\n\t\t          <\/div>\n                                  <\/div>\n              <\/div>\n                            <div class=\"col-lg-4 qrt-service-item\">\n                <div class=\"qrt-icon-box\">\n                                    <img decoding=\"async\" class=\"mb-20\" src=\"https:\/\/www.ggtinyhouse.com\/wp-content\/uploads\/2022\/12\/question_mark_PNG60-256x237.png\" alt=\"Nerede \u0130n\u015fa Etmek \u0130stiyorum?\">\n                  \n                                    <h4 class=\"mb-20 qrt-service-title\">\n                  \t<span >\n\t\t        \t\tNerede \u0130n\u015fa Etmek \u0130stiyorum?\t\t        \t<\/span>\n                  <\/h4>\n                  \n                                    <div class=\"qrt-service-desc\">\t\n                  \t<div >\n\t\t        \t\t<p>Konteyner evinizi nereye in\u015fa etmek istedi\u011finize karar vermelisiniz. \u0130marl\u0131 veya imars\u0131z arsalarda farkl\u0131 \u00e7\u00f6z\u00fcmler gerekece\u011finiz unutmamal\u0131s\u0131n\u0131z.<\/p>\t\t          \t<\/div>\n\t\t          <\/div>\n                                  <\/div>\n              <\/div>\n                            <div class=\"col-lg-4 qrt-service-item\">\n                <div class=\"qrt-icon-box\">\n                                    <img decoding=\"async\" class=\"mb-20\" src=\"https:\/\/www.ggtinyhouse.com\/wp-content\/uploads\/2022\/12\/question_mark_PNG60-256x237.png\" alt=\"Maliyetini Nas\u0131l Kar\u015f\u0131lar\u0131m?\">\n                  \n                                    <h4 class=\"mb-20 qrt-service-title\">\n                  \t<span >\n\t\t        \t\tMaliyetini Nas\u0131l Kar\u015f\u0131lar\u0131m?\t\t        \t<\/span>\n                  <\/h4>\n                  \n                                    <div class=\"qrt-service-desc\">\t\n                  \t<div >\n\t\t        \t\t<p>Geleneksel betonarme, \u00e7elik, ah\u015fap ya da ta\u015f evlere g\u00f6re d\u00fc\u015f\u00fck maliyetleri ve \u00f6deme kolayl\u0131klar\u0131m\u0131zla maliyetini kolayl\u0131kla kar\u015f\u0131laman\u0131z m\u00fcmk\u00fcn. Detayl\u0131 bilgi i\u00e7in g\u00f6r\u00fc\u015fmeye bekleriz.<\/p>\t\t          \t<\/div>\n\t\t          <\/div>\n                                  <\/div>\n              <\/div>\n                                        <\/div>\n        <\/div>\n\n\t\t\t\t\t\t<\/div>\n\t\t\t\t<\/div>\n\t\t\t\t\t<\/div>\n\t\t<\/div>\n\t\t\t\t\t<\/div>\n\t\t<\/section>\n\t\t\t\t<section class=\"elementor-section elementor-top-section elementor-element elementor-element-833bbe0 elementor-section-full_width elementor-section-height-default elementor-section-height-default\" data-id=\"833bbe0\" data-element_type=\"section\" data-e-type=\"section\">\n\t\t\t\t\t\t<div class=\"elementor-container elementor-column-gap-no\">\n\t\t\t\t\t<div class=\"elementor-column elementor-col-100 elementor-top-column elementor-element elementor-element-ab61bfb\" data-id=\"ab61bfb\" data-element_type=\"column\" data-e-type=\"column\">\n\t\t\t<div class=\"elementor-widget-wrap elementor-element-populated\">\n\t\t\t\t\t\t<div class=\"elementor-element elementor-element-269f601 elementor-widget elementor-widget-quarty-cta\" data-id=\"269f601\" data-element_type=\"widget\" data-e-type=\"widget\" data-widget_type=\"quarty-cta.default\">\n\t\t\t\t<div class=\"elementor-widget-container\">\n\t\t\t\t\t\n\t\t<div class=\"row\">\n          <div class=\"col-lg-12\">\n            <div class=\"qrt-call-to-action\">\n                            <h4>\n              \t<span >\n\t          \t\tProjeniz mi var? Karar veremediyseniz aray\u0131n, g\u00f6r\u00fc\u015felim.\t        \t<\/span>\n              <\/h4>\n                                          <a href=\"\/?page_id=406\" class=\"qrt-btn qrt-btn-sm qrt-btn-color qrt-cursor-scale qrt-anima-link\">\n              \t<span >\n\t          \t\tBize Ula\u015f\u0131n\t        \t<\/span>\n              <\/a>\n                          <\/div>\n          <\/div>\n        <\/div>\n\n\t\t\t\t\t\t<\/div>\n\t\t\t\t<\/div>\n\t\t\t\t\t<\/div>\n\t\t<\/div>\n\t\t\t\t\t<\/div>\n\t\t<\/section>\n\t\t\t\t<\/div>\n\t\t","protected":false},"excerpt":{"rendered":"<p>Shipping Konteyner Mod\u00fcller Dream Box 20ft HC Dream Box 20FT HC Dream Box 30ft HC Dream Box 30FT HC Dream&#8230; <span class=\"qrt-el-more\"><a href=\"https:\/\/www.ggtinyhouse.com\/?portfolio=weelywally-apartments\" class=\"qrt-link qrt-color-link qrt-cursor-scale qrt-w-chevron\">Read more<\/a><\/span><\/p>\n","protected":false},"author":1,"featured_media":0,"parent":0,"menu_order":0,"comment_status":"closed","ping_status":"closed","template":"template-layout-builder.php","meta":{"pagelayer_contact_templates":[],"_pagelayer_content":"","_mi_skip_tracking":false,"_monsterinsights_sitenote_active":false,"_monsterinsights_sitenote_note":"","_monsterinsights_sitenote_category":0,"footnotes":""},"class_list":["post-969","page","type-page","status-publish","hentry"],"acf":[],"yoast_head":"<!-- This site is optimized with the Yoast SEO plugin v27.4 - https:\/\/yoast.com\/product\/yoast-seo-wordpress\/ -->\n<title>Shipping Konteyner Mod\u00fcller - GG TINY HOUSE<\/title>\n<meta name=\"robots\" content=\"index, follow, max-snippet:-1, max-image-preview:large, max-video-preview:-1\" \/>\n<link rel=\"canonical\" href=\"https:\/\/www.ggtinyhouse.com\/?page_id=969\" \/>\n<meta property=\"og:locale\" content=\"tr_TR\" \/>\n<meta property=\"og:type\" content=\"article\" \/>\n<meta property=\"og:title\" content=\"Shipping Konteyner Mod\u00fcller - GG TINY HOUSE\" \/>\n<meta property=\"og:description\" content=\"Shipping Konteyner Mod\u00fcller Dream Box 20ft HC Dream Box 20FT HC Dream Box 30ft HC Dream Box 30FT HC Dream... Read more\" \/>\n<meta property=\"og:url\" content=\"https:\/\/www.ggtinyhouse.com\/?page_id=969\" \/>\n<meta property=\"og:site_name\" content=\"GG TINY HOUSE\" \/>\n<meta property=\"article:modified_time\" content=\"2022-12-13T13:16:18+00:00\" \/>\n<meta property=\"og:image\" content=\"https:\/\/www.ggtinyhouse.com\/wp-content\/uploads\/2020\/09\/20ftcontainer.jpg\" \/>\n<meta name=\"twitter:card\" content=\"summary_large_image\" \/>\n<meta name=\"twitter:label1\" content=\"Tahmini okuma s\u00fcresi\" \/>\n\t<meta name=\"twitter:data1\" content=\"4 dakika\" \/>\n<script type=\"application\/ld+json\" class=\"yoast-schema-graph\">{\"@context\":\"https:\\\/\\\/schema.org\",\"@graph\":[{\"@type\":\"WebPage\",\"@id\":\"https:\\\/\\\/www.ggtinyhouse.com\\\/?page_id=969\",\"url\":\"https:\\\/\\\/www.ggtinyhouse.com\\\/?page_id=969\",\"name\":\"Shipping Konteyner Mod\u00fcller - GG TINY HOUSE\",\"isPartOf\":{\"@id\":\"https:\\\/\\\/www.ggtinyhouse.com\\\/#website\"},\"primaryImageOfPage\":{\"@id\":\"https:\\\/\\\/www.ggtinyhouse.com\\\/?page_id=969#primaryimage\"},\"image\":{\"@id\":\"https:\\\/\\\/www.ggtinyhouse.com\\\/?page_id=969#primaryimage\"},\"thumbnailUrl\":\"https:\\\/\\\/www.ggtinyhouse.com\\\/wp-content\\\/uploads\\\/2020\\\/09\\\/20ftcontainer.jpg\",\"datePublished\":\"2021-02-15T00:49:43+00:00\",\"dateModified\":\"2022-12-13T13:16:18+00:00\",\"breadcrumb\":{\"@id\":\"https:\\\/\\\/www.ggtinyhouse.com\\\/?page_id=969#breadcrumb\"},\"inLanguage\":\"tr\",\"potentialAction\":[{\"@type\":\"ReadAction\",\"target\":[\"https:\\\/\\\/www.ggtinyhouse.com\\\/?page_id=969\"]}]},{\"@type\":\"ImageObject\",\"inLanguage\":\"tr\",\"@id\":\"https:\\\/\\\/www.ggtinyhouse.com\\\/?page_id=969#primaryimage\",\"url\":\"https:\\\/\\\/www.ggtinyhouse.com\\\/wp-content\\\/uploads\\\/2020\\\/09\\\/20ftcontainer.jpg\",\"contentUrl\":\"https:\\\/\\\/www.ggtinyhouse.com\\\/wp-content\\\/uploads\\\/2020\\\/09\\\/20ftcontainer.jpg\",\"width\":1280,\"height\":720},{\"@type\":\"BreadcrumbList\",\"@id\":\"https:\\\/\\\/www.ggtinyhouse.com\\\/?page_id=969#breadcrumb\",\"itemListElement\":[{\"@type\":\"ListItem\",\"position\":1,\"name\":\"Home\",\"item\":\"https:\\\/\\\/www.ggtinyhouse.com\\\/\"},{\"@type\":\"ListItem\",\"position\":2,\"name\":\"Shipping Konteyner Mod\u00fcller\"}]},{\"@type\":\"WebSite\",\"@id\":\"https:\\\/\\\/www.ggtinyhouse.com\\\/#website\",\"url\":\"https:\\\/\\\/www.ggtinyhouse.com\\\/\",\"name\":\"GG TINY HOUSE\",\"description\":\"Mod&uuml;ler Ya\u015fam Alanlar\u0131\",\"publisher\":{\"@id\":\"https:\\\/\\\/www.ggtinyhouse.com\\\/#organization\"},\"potentialAction\":[{\"@type\":\"SearchAction\",\"target\":{\"@type\":\"EntryPoint\",\"urlTemplate\":\"https:\\\/\\\/www.ggtinyhouse.com\\\/?s={search_term_string}\"},\"query-input\":{\"@type\":\"PropertyValueSpecification\",\"valueRequired\":true,\"valueName\":\"search_term_string\"}}],\"inLanguage\":\"tr\"},{\"@type\":\"Organization\",\"@id\":\"https:\\\/\\\/www.ggtinyhouse.com\\\/#organization\",\"name\":\"GG TINY HOUSE\",\"url\":\"https:\\\/\\\/www.ggtinyhouse.com\\\/\",\"logo\":{\"@type\":\"ImageObject\",\"inLanguage\":\"tr\",\"@id\":\"https:\\\/\\\/www.ggtinyhouse.com\\\/#\\\/schema\\\/logo\\\/image\\\/\",\"url\":\"https:\\\/\\\/www.ggtinyhouse.com\\\/wp-content\\\/uploads\\\/2022\\\/11\\\/cropped-Logo512-512.png\",\"contentUrl\":\"https:\\\/\\\/www.ggtinyhouse.com\\\/wp-content\\\/uploads\\\/2022\\\/11\\\/cropped-Logo512-512.png\",\"width\":512,\"height\":512,\"caption\":\"GG TINY HOUSE\"},\"image\":{\"@id\":\"https:\\\/\\\/www.ggtinyhouse.com\\\/#\\\/schema\\\/logo\\\/image\\\/\"},\"sameAs\":[\"https:\\\/\\\/www.instagram.com\\\/ggtinyhouse\"]}]}<\/script>\n<!-- \/ Yoast SEO plugin. -->","yoast_head_json":{"title":"Shipping Konteyner Mod\u00fcller - GG TINY HOUSE","robots":{"index":"index","follow":"follow","max-snippet":"max-snippet:-1","max-image-preview":"max-image-preview:large","max-video-preview":"max-video-preview:-1"},"canonical":"https:\/\/www.ggtinyhouse.com\/?page_id=969","og_locale":"tr_TR","og_type":"article","og_title":"Shipping Konteyner Mod\u00fcller - GG TINY HOUSE","og_description":"Shipping Konteyner Mod\u00fcller Dream Box 20ft HC Dream Box 20FT HC Dream Box 30ft HC Dream Box 30FT HC Dream... Read more","og_url":"https:\/\/www.ggtinyhouse.com\/?page_id=969","og_site_name":"GG TINY HOUSE","article_modified_time":"2022-12-13T13:16:18+00:00","og_image":[{"url":"https:\/\/www.ggtinyhouse.com\/wp-content\/uploads\/2020\/09\/20ftcontainer.jpg","type":"","width":"","height":""}],"twitter_card":"summary_large_image","twitter_misc":{"Tahmini okuma s\u00fcresi":"4 dakika"},"schema":{"@context":"https:\/\/schema.org","@graph":[{"@type":"WebPage","@id":"https:\/\/www.ggtinyhouse.com\/?page_id=969","url":"https:\/\/www.ggtinyhouse.com\/?page_id=969","name":"Shipping Konteyner Mod\u00fcller - GG TINY HOUSE","isPartOf":{"@id":"https:\/\/www.ggtinyhouse.com\/#website"},"primaryImageOfPage":{"@id":"https:\/\/www.ggtinyhouse.com\/?page_id=969#primaryimage"},"image":{"@id":"https:\/\/www.ggtinyhouse.com\/?page_id=969#primaryimage"},"thumbnailUrl":"https:\/\/www.ggtinyhouse.com\/wp-content\/uploads\/2020\/09\/20ftcontainer.jpg","datePublished":"2021-02-15T00:49:43+00:00","dateModified":"2022-12-13T13:16:18+00:00","breadcrumb":{"@id":"https:\/\/www.ggtinyhouse.com\/?page_id=969#breadcrumb"},"inLanguage":"tr","potentialAction":[{"@type":"ReadAction","target":["https:\/\/www.ggtinyhouse.com\/?page_id=969"]}]},{"@type":"ImageObject","inLanguage":"tr","@id":"https:\/\/www.ggtinyhouse.com\/?page_id=969#primaryimage","url":"https:\/\/www.ggtinyhouse.com\/wp-content\/uploads\/2020\/09\/20ftcontainer.jpg","contentUrl":"https:\/\/www.ggtinyhouse.com\/wp-content\/uploads\/2020\/09\/20ftcontainer.jpg","width":1280,"height":720},{"@type":"BreadcrumbList","@id":"https:\/\/www.ggtinyhouse.com\/?page_id=969#breadcrumb","itemListElement":[{"@type":"ListItem","position":1,"name":"Home","item":"https:\/\/www.ggtinyhouse.com\/"},{"@type":"ListItem","position":2,"name":"Shipping Konteyner Mod\u00fcller"}]},{"@type":"WebSite","@id":"https:\/\/www.ggtinyhouse.com\/#website","url":"https:\/\/www.ggtinyhouse.com\/","name":"GG TINY HOUSE","description":"Mod&uuml;ler Ya\u015fam Alanlar\u0131","publisher":{"@id":"https:\/\/www.ggtinyhouse.com\/#organization"},"potentialAction":[{"@type":"SearchAction","target":{"@type":"EntryPoint","urlTemplate":"https:\/\/www.ggtinyhouse.com\/?s={search_term_string}"},"query-input":{"@type":"PropertyValueSpecification","valueRequired":true,"valueName":"search_term_string"}}],"inLanguage":"tr"},{"@type":"Organization","@id":"https:\/\/www.ggtinyhouse.com\/#organization","name":"GG TINY HOUSE","url":"https:\/\/www.ggtinyhouse.com\/","logo":{"@type":"ImageObject","inLanguage":"tr","@id":"https:\/\/www.ggtinyhouse.com\/#\/schema\/logo\/image\/","url":"https:\/\/www.ggtinyhouse.com\/wp-content\/uploads\/2022\/11\/cropped-Logo512-512.png","contentUrl":"https:\/\/www.ggtinyhouse.com\/wp-content\/uploads\/2022\/11\/cropped-Logo512-512.png","width":512,"height":512,"caption":"GG TINY HOUSE"},"image":{"@id":"https:\/\/www.ggtinyhouse.com\/#\/schema\/logo\/image\/"},"sameAs":["https:\/\/www.instagram.com\/ggtinyhouse"]}]}},"_links":{"self":[{"href":"https:\/\/www.ggtinyhouse.com\/index.php?rest_route=\/wp\/v2\/pages\/969","targetHints":{"allow":["GET"]}}],"collection":[{"href":"https:\/\/www.ggtinyhouse.com\/index.php?rest_route=\/wp\/v2\/pages"}],"about":[{"href":"https:\/\/www.ggtinyhouse.com\/index.php?rest_route=\/wp\/v2\/types\/page"}],"author":[{"embeddable":true,"href":"https:\/\/www.ggtinyhouse.com\/index.php?rest_route=\/wp\/v2\/users\/1"}],"replies":[{"embeddable":true,"href":"https:\/\/www.ggtinyhouse.com\/index.php?rest_route=%2Fwp%2Fv2%2Fcomments&post=969"}],"version-history":[{"count":39,"href":"https:\/\/www.ggtinyhouse.com\/index.php?rest_route=\/wp\/v2\/pages\/969\/revisions"}],"predecessor-version":[{"id":2593,"href":"https:\/\/www.ggtinyhouse.com\/index.php?rest_route=\/wp\/v2\/pages\/969\/revisions\/2593"}],"wp:attachment":[{"href":"https:\/\/www.ggtinyhouse.com\/index.php?rest_route=%2Fwp%2Fv2%2Fmedia&parent=969"}],"curies":[{"name":"wp","href":"https:\/\/api.w.org\/{rel}","templated":true}]}}