{"id":922,"date":"2021-02-14T21:33:25","date_gmt":"2021-02-14T21:33:25","guid":{"rendered":"https:\/\/bslthemes.site\/quarty\/?page_id=922"},"modified":"2022-11-28T14:25:50","modified_gmt":"2022-11-28T14:25:50","slug":"urunlerimiz","status":"publish","type":"page","link":"https:\/\/www.ggtinyhouse.com\/?page_id=922","title":{"rendered":"\u00dcr\u00fcnlerimiz"},"content":{"rendered":"\t\t<div data-elementor-type=\"wp-page\" data-elementor-id=\"922\" class=\"elementor elementor-922\">\n\t\t\t\t\t\t<section class=\"elementor-section elementor-top-section elementor-element elementor-element-52b3c17 elementor-section-full_width elementor-section-height-default elementor-section-height-default\" data-id=\"52b3c17\" data-element_type=\"section\" data-e-type=\"section\">\n\t\t\t\t\t\t<div class=\"elementor-container elementor-column-gap-no\">\n\t\t\t\t\t<div class=\"elementor-column elementor-col-100 elementor-top-column elementor-element elementor-element-bb186ce\" data-id=\"bb186ce\" data-element_type=\"column\" data-e-type=\"column\">\n\t\t\t<div class=\"elementor-widget-wrap elementor-element-populated\">\n\t\t\t\t\t\t<div class=\"elementor-element elementor-element-b5f60cb elementor-widget elementor-widget-quarty-portfolio\" data-id=\"b5f60cb\" data-element_type=\"widget\" data-e-type=\"widget\" data-widget_type=\"quarty-portfolio.default\">\n\t\t\t\t<div class=\"elementor-widget-container\">\n\t\t\t\t\t\n\t\t<div class=\"qrt-section qrt-section-sf\">\n\t\t\t\t\t\t<div class=\"row\">\n\t\t\t  <div class=\"col-lg-12\">\n\t\t\t    <h3 class=\"qrt-mb-40 qrt-title-h\">\n\t\t\t    \t<span >\n\t\t          \t\t\u00dcr\u00fcnlerimiz\t\t        \t<\/span>\n\t\t\t    <\/h3>\n\t\t\t  <\/div>\n\t\t\t<\/div>\n\t\t\t\n\t\t\t\n                        <div class=\"qrt-masonry-grid qrt-mb-40 qrt-grid-2-col qrt-gallery qrt-grid-masonry\">\n\n              <div class=\"qrt-grid-sizer\"><\/div>\n\n                           \t\n\n<div class=\"qrt-masonry-grid-item qrt-masonry-grid-item-50 category-shipping-container-20ft-hc \">\n  <div class=\"qrt-work-item\">\n        <a  data-magnific-gallery data-no-swup data-elementor-lightbox-slideshow=\"gallery\" data-elementor-lightbox-title=\"Shipping Container 20ft HC\" href=\"https:\/\/www.ggtinyhouse.com\/wp-content\/uploads\/2020\/09\/20ftcontainer.jpg\" class=\"qrt-cursor-scale qrt-work-cover-frame\">\n      <img decoding=\"async\" src=\"https:\/\/www.ggtinyhouse.com\/wp-content\/uploads\/2020\/09\/20ftcontainer.jpg\" alt=\"Shipping Container 20ft HC\">\n      <div class=\"qrt-item-zoom qrt-cursor-color\"><i class=\"fas fa-expand\"><\/i><\/div>\n      <div class=\"qrt-work-category\"><span>Shipping Container 20ft HC <\/span><\/div>\n    <\/a>\n        <div class=\"qrt-work-descr\">\n            <h4 class=\"qrt-cursor-color qrt-white\">\n        <a href=\"https:\/\/www.ggtinyhouse.com\/?portfolio=hostel-waterline\" class=\"qrt-anima-link\">Shipping Container 20ft HC<\/a>\n      <\/h4>\n            <a href=\"https:\/\/www.ggtinyhouse.com\/?portfolio=hostel-waterline\" class=\"qrt-cursor-scale qrt-work-more qrt-anima-link\"><i class=\"fas fa-arrow-right\"><\/i><\/a>\n    <\/div>\n  <\/div>\n<\/div>          \t               \t\n\n<div class=\"qrt-masonry-grid-item qrt-masonry-grid-item-50 category-shipping-container-30ft-hc \">\n  <div class=\"qrt-work-item\">\n        <a  data-magnific-gallery data-no-swup data-elementor-lightbox-slideshow=\"gallery\" data-elementor-lightbox-title=\"Shipping Container 30ft HC\" href=\"https:\/\/www.ggtinyhouse.com\/wp-content\/uploads\/2020\/09\/30ftcontainer.jpg\" class=\"qrt-cursor-scale qrt-work-cover-frame\">\n      <img decoding=\"async\" src=\"https:\/\/www.ggtinyhouse.com\/wp-content\/uploads\/2020\/09\/30ftcontainer.jpg\" alt=\"Shipping Container 30ft HC\">\n      <div class=\"qrt-item-zoom qrt-cursor-color\"><i class=\"fas fa-expand\"><\/i><\/div>\n      <div class=\"qrt-work-category\"><span>Shipping Container 30ft HC <\/span><\/div>\n    <\/a>\n        <div class=\"qrt-work-descr\">\n            <h4 class=\"qrt-cursor-color qrt-white\">\n        <a href=\"https:\/\/www.ggtinyhouse.com\/?portfolio=modern-country-house\" class=\"qrt-anima-link\">Shipping Container 30ft HC<\/a>\n      <\/h4>\n            <a href=\"https:\/\/www.ggtinyhouse.com\/?portfolio=modern-country-house\" class=\"qrt-cursor-scale qrt-work-more qrt-anima-link\"><i class=\"fas fa-arrow-right\"><\/i><\/a>\n    <\/div>\n  <\/div>\n<\/div>          \t               \t\n\n<div class=\"qrt-masonry-grid-item qrt-masonry-grid-item-50 qrt-masonry-grid-item-h-x-2 category-shipping-container-40ft-hc \">\n  <div class=\"qrt-work-item\">\n        <a  data-magnific-gallery data-no-swup data-elementor-lightbox-slideshow=\"gallery\" data-elementor-lightbox-title=\"Shipping Container 40ft HC\" href=\"https:\/\/www.ggtinyhouse.com\/wp-content\/uploads\/2020\/09\/30ftfull.jpeg\" class=\"qrt-cursor-scale qrt-work-cover-frame\">\n      <img decoding=\"async\" src=\"https:\/\/www.ggtinyhouse.com\/wp-content\/uploads\/2020\/09\/30ftfull.jpeg\" alt=\"Shipping Container 40ft HC\">\n      <div class=\"qrt-item-zoom qrt-cursor-color\"><i class=\"fas fa-expand\"><\/i><\/div>\n      <div class=\"qrt-work-category\"><span>Shipping Container 40ft HC <\/span><\/div>\n    <\/a>\n        <div class=\"qrt-work-descr\">\n            <h4 class=\"qrt-cursor-color qrt-white\">\n        <a href=\"https:\/\/www.ggtinyhouse.com\/?portfolio=weelywally-apartments\" class=\"qrt-anima-link\">Shipping Container 40ft HC<\/a>\n      <\/h4>\n            <a href=\"https:\/\/www.ggtinyhouse.com\/?portfolio=weelywally-apartments\" class=\"qrt-cursor-scale qrt-work-more qrt-anima-link\"><i class=\"fas fa-arrow-right\"><\/i><\/a>\n    <\/div>\n  <\/div>\n<\/div>          \t               \t\n\n<div class=\"qrt-masonry-grid-item qrt-masonry-grid-item-50 qrt-masonry-grid-item-h-x-2 category-tiny-house \">\n  <div class=\"qrt-work-item\">\n        <a  data-magnific-gallery data-no-swup data-elementor-lightbox-slideshow=\"gallery\" data-elementor-lightbox-title=\"Tiny House Plus\" href=\"https:\/\/www.ggtinyhouse.com\/wp-content\/uploads\/2020\/09\/tiny01.webp\" class=\"qrt-cursor-scale qrt-work-cover-frame\">\n      <img decoding=\"async\" src=\"https:\/\/www.ggtinyhouse.com\/wp-content\/uploads\/2020\/09\/tiny01.webp\" alt=\"Tiny House Plus\">\n      <div class=\"qrt-item-zoom qrt-cursor-color\"><i class=\"fas fa-expand\"><\/i><\/div>\n      <div class=\"qrt-work-category\"><span>Tiny House <\/span><\/div>\n    <\/a>\n        <div class=\"qrt-work-descr\">\n            <h4 class=\"qrt-cursor-color qrt-white\">\n        <a href=\"https:\/\/www.ggtinyhouse.com\/?portfolio=sunset-house\" class=\"qrt-anima-link\">Tiny House Plus<\/a>\n      <\/h4>\n            <a href=\"https:\/\/www.ggtinyhouse.com\/?portfolio=sunset-house\" class=\"qrt-cursor-scale qrt-work-more qrt-anima-link\"><i class=\"fas fa-arrow-right\"><\/i><\/a>\n    <\/div>\n  <\/div>\n<\/div>          \t              <\/div>\n            \n\t\t  \t\n\t\t\t        <\/div> \n\n\t\t\t\t\t\t<\/div>\n\t\t\t\t<\/div>\n\t\t\t\t\t<\/div>\n\t\t<\/div>\n\t\t\t\t\t<\/div>\n\t\t<\/section>\n\t\t\t\t<section class=\"elementor-section elementor-top-section elementor-element elementor-element-833bbe0 elementor-section-full_width elementor-section-height-default elementor-section-height-default\" data-id=\"833bbe0\" data-element_type=\"section\" data-e-type=\"section\">\n\t\t\t\t\t\t<div class=\"elementor-container elementor-column-gap-no\">\n\t\t\t\t\t<div class=\"elementor-column elementor-col-100 elementor-top-column elementor-element elementor-element-ab61bfb\" data-id=\"ab61bfb\" data-element_type=\"column\" data-e-type=\"column\">\n\t\t\t<div class=\"elementor-widget-wrap elementor-element-populated\">\n\t\t\t\t\t\t<div class=\"elementor-element elementor-element-269f601 elementor-widget elementor-widget-quarty-cta\" data-id=\"269f601\" data-element_type=\"widget\" data-e-type=\"widget\" data-widget_type=\"quarty-cta.default\">\n\t\t\t\t<div class=\"elementor-widget-container\">\n\t\t\t\t\t\n\t\t<div class=\"row\">\n          <div class=\"col-lg-12\">\n            <div class=\"qrt-call-to-action\">\n                            <h4>\n              \t<span >\n\t          \t\t<h4 style=\"white-space: normal\">Projeniz mi var? Karar veremediyseniz aray\u0131n, g\u00f6r\u00fc\u015felim.<\/h4>\t        \t<\/span>\n              <\/h4>\n                                          <a href=\"?page_id=406\" class=\"qrt-btn qrt-btn-sm qrt-btn-color qrt-cursor-scale qrt-anima-link\">\n              \t<span >\n\t          \t\tB\u0130ZE ULA\u015eIN\t        \t<\/span>\n              <\/a>\n                          <\/div>\n          <\/div>\n        <\/div>\n\n\t\t\t\t\t\t<\/div>\n\t\t\t\t<\/div>\n\t\t\t\t\t<\/div>\n\t\t<\/div>\n\t\t\t\t\t<\/div>\n\t\t<\/section>\n\t\t\t\t<\/div>\n\t\t","protected":false},"excerpt":{"rendered":"<p>\u00dcr\u00fcnlerimiz Dream Box 20ft HC Dream Box 20FT HC Dream Box 30ft HC Dream Box 30FT HC Dream Box 40ft&#8230; <span class=\"qrt-el-more\"><a href=\"https:\/\/www.ggtinyhouse.com\/?portfolio=sunset-house\" class=\"qrt-link qrt-color-link qrt-cursor-scale qrt-w-chevron\">Read more<\/a><\/span><\/p>\n","protected":false},"author":1,"featured_media":0,"parent":0,"menu_order":0,"comment_status":"closed","ping_status":"closed","template":"template-layout-builder.php","meta":{"pagelayer_contact_templates":[],"_pagelayer_content":"","_mi_skip_tracking":false,"_monsterinsights_sitenote_active":false,"_monsterinsights_sitenote_note":"","_monsterinsights_sitenote_category":0,"footnotes":""},"class_list":["post-922","page","type-page","status-publish","hentry"],"acf":[],"yoast_head":"<!-- This site is optimized with the Yoast SEO plugin v27.4 - https:\/\/yoast.com\/product\/yoast-seo-wordpress\/ -->\n<title>\u00dcr\u00fcnlerimiz - GG TINY HOUSE<\/title>\n<meta name=\"robots\" content=\"index, follow, max-snippet:-1, max-image-preview:large, max-video-preview:-1\" \/>\n<link rel=\"canonical\" href=\"https:\/\/www.ggtinyhouse.com\/?page_id=922\" \/>\n<meta property=\"og:locale\" content=\"tr_TR\" \/>\n<meta property=\"og:type\" content=\"article\" \/>\n<meta property=\"og:title\" content=\"\u00dcr\u00fcnlerimiz - GG TINY HOUSE\" \/>\n<meta property=\"og:description\" content=\"\u00dcr\u00fcnlerimiz Dream Box 20ft HC Dream Box 20FT HC Dream Box 30ft HC Dream Box 30FT HC Dream Box 40ft... Read more\" \/>\n<meta property=\"og:url\" content=\"https:\/\/www.ggtinyhouse.com\/?page_id=922\" \/>\n<meta property=\"og:site_name\" content=\"GG TINY HOUSE\" \/>\n<meta property=\"article:modified_time\" content=\"2022-11-28T14:25:50+00:00\" \/>\n<meta property=\"og:image\" content=\"https:\/\/www.ggtinyhouse.com\/wp-content\/uploads\/2020\/09\/20ftcontainer.jpg\" \/>\n<meta name=\"twitter:card\" content=\"summary_large_image\" \/>\n<script type=\"application\/ld+json\" class=\"yoast-schema-graph\">{\"@context\":\"https:\\\/\\\/schema.org\",\"@graph\":[{\"@type\":\"WebPage\",\"@id\":\"https:\\\/\\\/www.ggtinyhouse.com\\\/?page_id=922\",\"url\":\"https:\\\/\\\/www.ggtinyhouse.com\\\/?page_id=922\",\"name\":\"\u00dcr\u00fcnlerimiz - GG TINY HOUSE\",\"isPartOf\":{\"@id\":\"https:\\\/\\\/www.ggtinyhouse.com\\\/#website\"},\"primaryImageOfPage\":{\"@id\":\"https:\\\/\\\/www.ggtinyhouse.com\\\/?page_id=922#primaryimage\"},\"image\":{\"@id\":\"https:\\\/\\\/www.ggtinyhouse.com\\\/?page_id=922#primaryimage\"},\"thumbnailUrl\":\"https:\\\/\\\/www.ggtinyhouse.com\\\/wp-content\\\/uploads\\\/2020\\\/09\\\/20ftcontainer.jpg\",\"datePublished\":\"2021-02-14T21:33:25+00:00\",\"dateModified\":\"2022-11-28T14:25:50+00:00\",\"breadcrumb\":{\"@id\":\"https:\\\/\\\/www.ggtinyhouse.com\\\/?page_id=922#breadcrumb\"},\"inLanguage\":\"tr\",\"potentialAction\":[{\"@type\":\"ReadAction\",\"target\":[\"https:\\\/\\\/www.ggtinyhouse.com\\\/?page_id=922\"]}]},{\"@type\":\"ImageObject\",\"inLanguage\":\"tr\",\"@id\":\"https:\\\/\\\/www.ggtinyhouse.com\\\/?page_id=922#primaryimage\",\"url\":\"https:\\\/\\\/www.ggtinyhouse.com\\\/wp-content\\\/uploads\\\/2020\\\/09\\\/20ftcontainer.jpg\",\"contentUrl\":\"https:\\\/\\\/www.ggtinyhouse.com\\\/wp-content\\\/uploads\\\/2020\\\/09\\\/20ftcontainer.jpg\",\"width\":1280,\"height\":720},{\"@type\":\"BreadcrumbList\",\"@id\":\"https:\\\/\\\/www.ggtinyhouse.com\\\/?page_id=922#breadcrumb\",\"itemListElement\":[{\"@type\":\"ListItem\",\"position\":1,\"name\":\"Home\",\"item\":\"https:\\\/\\\/www.ggtinyhouse.com\\\/\"},{\"@type\":\"ListItem\",\"position\":2,\"name\":\"\u00dcr\u00fcnlerimiz\"}]},{\"@type\":\"WebSite\",\"@id\":\"https:\\\/\\\/www.ggtinyhouse.com\\\/#website\",\"url\":\"https:\\\/\\\/www.ggtinyhouse.com\\\/\",\"name\":\"GG TINY HOUSE\",\"description\":\"Mod&uuml;ler Ya\u015fam Alanlar\u0131\",\"publisher\":{\"@id\":\"https:\\\/\\\/www.ggtinyhouse.com\\\/#organization\"},\"potentialAction\":[{\"@type\":\"SearchAction\",\"target\":{\"@type\":\"EntryPoint\",\"urlTemplate\":\"https:\\\/\\\/www.ggtinyhouse.com\\\/?s={search_term_string}\"},\"query-input\":{\"@type\":\"PropertyValueSpecification\",\"valueRequired\":true,\"valueName\":\"search_term_string\"}}],\"inLanguage\":\"tr\"},{\"@type\":\"Organization\",\"@id\":\"https:\\\/\\\/www.ggtinyhouse.com\\\/#organization\",\"name\":\"GG TINY HOUSE\",\"url\":\"https:\\\/\\\/www.ggtinyhouse.com\\\/\",\"logo\":{\"@type\":\"ImageObject\",\"inLanguage\":\"tr\",\"@id\":\"https:\\\/\\\/www.ggtinyhouse.com\\\/#\\\/schema\\\/logo\\\/image\\\/\",\"url\":\"https:\\\/\\\/www.ggtinyhouse.com\\\/wp-content\\\/uploads\\\/2022\\\/11\\\/cropped-Logo512-512.png\",\"contentUrl\":\"https:\\\/\\\/www.ggtinyhouse.com\\\/wp-content\\\/uploads\\\/2022\\\/11\\\/cropped-Logo512-512.png\",\"width\":512,\"height\":512,\"caption\":\"GG TINY HOUSE\"},\"image\":{\"@id\":\"https:\\\/\\\/www.ggtinyhouse.com\\\/#\\\/schema\\\/logo\\\/image\\\/\"},\"sameAs\":[\"https:\\\/\\\/www.instagram.com\\\/ggtinyhouse\"]}]}<\/script>\n<!-- \/ Yoast SEO plugin. -->","yoast_head_json":{"title":"\u00dcr\u00fcnlerimiz - GG TINY HOUSE","robots":{"index":"index","follow":"follow","max-snippet":"max-snippet:-1","max-image-preview":"max-image-preview:large","max-video-preview":"max-video-preview:-1"},"canonical":"https:\/\/www.ggtinyhouse.com\/?page_id=922","og_locale":"tr_TR","og_type":"article","og_title":"\u00dcr\u00fcnlerimiz - GG TINY HOUSE","og_description":"\u00dcr\u00fcnlerimiz Dream Box 20ft HC Dream Box 20FT HC Dream Box 30ft HC Dream Box 30FT HC Dream Box 40ft... Read more","og_url":"https:\/\/www.ggtinyhouse.com\/?page_id=922","og_site_name":"GG TINY HOUSE","article_modified_time":"2022-11-28T14:25:50+00:00","og_image":[{"url":"https:\/\/www.ggtinyhouse.com\/wp-content\/uploads\/2020\/09\/20ftcontainer.jpg","type":"","width":"","height":""}],"twitter_card":"summary_large_image","schema":{"@context":"https:\/\/schema.org","@graph":[{"@type":"WebPage","@id":"https:\/\/www.ggtinyhouse.com\/?page_id=922","url":"https:\/\/www.ggtinyhouse.com\/?page_id=922","name":"\u00dcr\u00fcnlerimiz - GG TINY HOUSE","isPartOf":{"@id":"https:\/\/www.ggtinyhouse.com\/#website"},"primaryImageOfPage":{"@id":"https:\/\/www.ggtinyhouse.com\/?page_id=922#primaryimage"},"image":{"@id":"https:\/\/www.ggtinyhouse.com\/?page_id=922#primaryimage"},"thumbnailUrl":"https:\/\/www.ggtinyhouse.com\/wp-content\/uploads\/2020\/09\/20ftcontainer.jpg","datePublished":"2021-02-14T21:33:25+00:00","dateModified":"2022-11-28T14:25:50+00:00","breadcrumb":{"@id":"https:\/\/www.ggtinyhouse.com\/?page_id=922#breadcrumb"},"inLanguage":"tr","potentialAction":[{"@type":"ReadAction","target":["https:\/\/www.ggtinyhouse.com\/?page_id=922"]}]},{"@type":"ImageObject","inLanguage":"tr","@id":"https:\/\/www.ggtinyhouse.com\/?page_id=922#primaryimage","url":"https:\/\/www.ggtinyhouse.com\/wp-content\/uploads\/2020\/09\/20ftcontainer.jpg","contentUrl":"https:\/\/www.ggtinyhouse.com\/wp-content\/uploads\/2020\/09\/20ftcontainer.jpg","width":1280,"height":720},{"@type":"BreadcrumbList","@id":"https:\/\/www.ggtinyhouse.com\/?page_id=922#breadcrumb","itemListElement":[{"@type":"ListItem","position":1,"name":"Home","item":"https:\/\/www.ggtinyhouse.com\/"},{"@type":"ListItem","position":2,"name":"\u00dcr\u00fcnlerimiz"}]},{"@type":"WebSite","@id":"https:\/\/www.ggtinyhouse.com\/#website","url":"https:\/\/www.ggtinyhouse.com\/","name":"GG TINY HOUSE","description":"Mod&uuml;ler Ya\u015fam Alanlar\u0131","publisher":{"@id":"https:\/\/www.ggtinyhouse.com\/#organization"},"potentialAction":[{"@type":"SearchAction","target":{"@type":"EntryPoint","urlTemplate":"https:\/\/www.ggtinyhouse.com\/?s={search_term_string}"},"query-input":{"@type":"PropertyValueSpecification","valueRequired":true,"valueName":"search_term_string"}}],"inLanguage":"tr"},{"@type":"Organization","@id":"https:\/\/www.ggtinyhouse.com\/#organization","name":"GG TINY HOUSE","url":"https:\/\/www.ggtinyhouse.com\/","logo":{"@type":"ImageObject","inLanguage":"tr","@id":"https:\/\/www.ggtinyhouse.com\/#\/schema\/logo\/image\/","url":"https:\/\/www.ggtinyhouse.com\/wp-content\/uploads\/2022\/11\/cropped-Logo512-512.png","contentUrl":"https:\/\/www.ggtinyhouse.com\/wp-content\/uploads\/2022\/11\/cropped-Logo512-512.png","width":512,"height":512,"caption":"GG TINY HOUSE"},"image":{"@id":"https:\/\/www.ggtinyhouse.com\/#\/schema\/logo\/image\/"},"sameAs":["https:\/\/www.instagram.com\/ggtinyhouse"]}]}},"_links":{"self":[{"href":"https:\/\/www.ggtinyhouse.com\/index.php?rest_route=\/wp\/v2\/pages\/922","targetHints":{"allow":["GET"]}}],"collection":[{"href":"https:\/\/www.ggtinyhouse.com\/index.php?rest_route=\/wp\/v2\/pages"}],"about":[{"href":"https:\/\/www.ggtinyhouse.com\/index.php?rest_route=\/wp\/v2\/types\/page"}],"author":[{"embeddable":true,"href":"https:\/\/www.ggtinyhouse.com\/index.php?rest_route=\/wp\/v2\/users\/1"}],"replies":[{"embeddable":true,"href":"https:\/\/www.ggtinyhouse.com\/index.php?rest_route=%2Fwp%2Fv2%2Fcomments&post=922"}],"version-history":[{"count":11,"href":"https:\/\/www.ggtinyhouse.com\/index.php?rest_route=\/wp\/v2\/pages\/922\/revisions"}],"predecessor-version":[{"id":2503,"href":"https:\/\/www.ggtinyhouse.com\/index.php?rest_route=\/wp\/v2\/pages\/922\/revisions\/2503"}],"wp:attachment":[{"href":"https:\/\/www.ggtinyhouse.com\/index.php?rest_route=%2Fwp%2Fv2%2Fmedia&parent=922"}],"curies":[{"name":"wp","href":"https:\/\/api.w.org\/{rel}","templated":true}]}}