{"id":561,"date":"2021-02-01T17:24:50","date_gmt":"2021-02-01T17:24:50","guid":{"rendered":"https:\/\/bslthemes.site\/quarty\/?page_id=561"},"modified":"2023-11-15T06:50:02","modified_gmt":"2023-11-15T06:50:02","slug":"home-slider","status":"publish","type":"page","link":"https:\/\/www.ggtinyhouse.com\/","title":{"rendered":"Anasayfa"},"content":{"rendered":"\t\t<div data-elementor-type=\"wp-page\" data-elementor-id=\"561\" class=\"elementor elementor-561\">\n\t\t\t\t\t\t<section class=\"elementor-section elementor-top-section elementor-element elementor-element-de55224 elementor-section-full_width elementor-section-height-default elementor-section-height-default\" data-id=\"de55224\" data-element_type=\"section\" data-e-type=\"section\">\n\t\t\t\t\t\t<div class=\"elementor-container elementor-column-gap-no\">\n\t\t\t\t\t<div class=\"elementor-column elementor-col-100 elementor-top-column elementor-element elementor-element-9deb41a\" data-id=\"9deb41a\" data-element_type=\"column\" data-e-type=\"column\">\n\t\t\t<div class=\"elementor-widget-wrap elementor-element-populated\">\n\t\t\t\t\t\t<div class=\"elementor-element elementor-element-4780505 elementor-widget elementor-widget-quarty-hero-slider\" data-id=\"4780505\" data-element_type=\"widget\" data-e-type=\"widget\" data-widget_type=\"quarty-hero-slider.default\">\n\t\t\t\t<div class=\"elementor-widget-container\">\n\t\t\t\t\t\n\t\t\t\t<div class=\"qrt-body\">\n\t\t<div class=\"swiper-container qrt-main-slider\">\n        \t<div class=\"qrt-slider-pagination\">\n        \t\t<div class=\"swiper-pagination swiper-main-pagination\"><\/div>\n        \t<\/div>\n        \t<div class=\"qrt-slider-navigation qrt-absolute\">\n            \t<div class=\"qrt-slider-nav-btn qrt-main-prev qrt-cursor-scale qrt-cursor-color\">\n            \t\t<i class=\"fas fa-arrow-left\"><\/i>\n            \t\t<span>prev<\/span>\n            \t<\/div>\n        \t\t<div class=\"qrt-slider-nav-btn qrt-main-next qrt-cursor-scale qrt-cursor-color\">\n        \t\t\t<span>next<\/span>\n        \t\t\t<i class=\"fas fa-arrow-right\"><\/i>\n        \t\t<\/div>\n        \t<\/div>\n        \t<div class=\"swiper-wrapper\">\n                        <div class=\"swiper-slide\">\n              \t<div class=\"qrt-project-cover\">\n              \t\t\n                \t<div class=\"qrt-image-frame\">\n                  \t\t                  \t\t\t                  \t\t\t<img decoding=\"async\" src=\"https:\/\/www.ggtinyhouse.com\/wp-content\/uploads\/2022\/11\/01_pasted-image-0.png\" data-swiper-parallax=\"400\" data-swiper-parallax-scale=\"1.4\" alt=\"\">\n                  \t\t\t                  \t\t                \t<\/div>\n                \t\n\n                \t<div class=\"qrt-overlay\">\n                  \t\t<div class=\"qrt-parallax-fix\" data-swiper-parallax-x=\"-400\" data-swiper-parallax-duration=\"1000\">\n                    \t\t<div class=\"qrt-banner-title\">\n\t\t                    \t\t\t                    \t<h1 class=\"qrt-white qrt-mb-30 title--h1\">\n\t\t                    \t\t<span >\n\t\t\t\t\t\t\t\t\t\tMod\u00fcler Ya\u015fam <br>Alanlar\u0131\t\t\t\t\t\t\t\t\t<\/span>\n\t\t                    \t<\/h1>\n\t\t                    \t<div class=\"qrt-divider-2\"><\/div>\n\t\t                    \t\t\t                    \t\t\t                    \t<div class=\"qrt-text qrt-white qrt-mb-20\">\n\t\t                    \t\t<span >\n\t\t\t\t\t\t\t\t\t\tT\u00fcrkiye ve uluslararas\u0131 projelerde toplam 30 y\u0131l\u0131 a\u015fk\u0131n tecr\u00fcbemizi art\u0131k Shipping Konteyner Mod\u00fcl Evler i\u00e7in kullan\u0131yoruz. T\u00fcm T\u00fcrkiye'ye ve ba\u015fta Do\u011fu Avrupa olmak \u00fczere t\u00fcm d\u00fcnyaya shipping konteyner evler \u00fcretiyor ve g\u00f6nderiyoruz...<br><br>Yenilik\u00e7i teknolojileri kullanarak estetik, dayan\u0131kl\u0131 ve g\u00fcvenli mod\u00fcler ya\u015fam alanlar\u0131 \u00fcretiyoruz.\t\t\t\t\t\t\t\t\t<\/span>\n\t\t                    \t<\/div>\n\t\t                    \t\t\t                     \t\t\t                     \t<a href=\"\/?page_id=969\" class=\"qrt-btn qrt-btn-md qrt-btn-color qrt-cursor-scale qrt-anima-link qrt-mb-20\">\n\t\t                     \t\t<span >\n\t\t\t\t\t\t\t\t\t\t\u015eimdi Ke\u015ffedin\t\t\t\t\t\t\t\t\t<\/span>\n\t\t                     \t\t<i class=\"fas fa-arrow-right\"><\/i>\n\t\t                     \t<\/a>\n\t\t                     \t\t\t                    \t\t\t                    \t<a href=\"\/?page_id=406\" class=\"qrt-btn qrt-btn-md qrt-btn-border qrt-cursor-scale qrt-anima-link qrt-mb-20\">\n\t\t                    \t\t<span >\n\t\t\t\t\t\t\t\t\t\tBize Ula\u015f\u0131n\t\t\t\t\t\t\t\t\t<\/span>\n\t\t                    \t\t<i class=\"fas fa-arrow-right\"><\/i>\n\t\t                    \t<\/a>\n\t\t                    \t                \t\t\t<\/div>\n                \t\t<\/div>\n                \t<\/div>\n            \t<\/div>\n            <\/div>\n                        <div class=\"swiper-slide\">\n              \t<div class=\"qrt-project-cover\">\n              \t\t\n                \t<div class=\"qrt-image-frame\">\n                  \t\t                  \t\t\t                  \t\t\t<img decoding=\"async\" src=\"https:\/\/www.ggtinyhouse.com\/wp-content\/uploads\/2022\/11\/02_a608fd32b5ae23f3ccec88299dd6d5d1.jpg\" data-swiper-parallax=\"400\" data-swiper-parallax-scale=\"1.4\" alt=\"\">\n                  \t\t\t                  \t\t                \t<\/div>\n                \t\n\n                \t<div class=\"qrt-overlay\">\n                  \t\t<div class=\"qrt-parallax-fix\" data-swiper-parallax-x=\"-400\" data-swiper-parallax-duration=\"1000\">\n                    \t\t<div class=\"qrt-banner-title\">\n\t\t                    \t\t\t                    \t<h1 class=\"qrt-white qrt-mb-30 title--h1\">\n\t\t                    \t\t<span >\n\t\t\t\t\t\t\t\t\t\tTiny House Plus <br>ile daha \u00f6zg\u00fcr bir ya\u015fam\t\t\t\t\t\t\t\t\t<\/span>\n\t\t                    \t<\/h1>\n\t\t                    \t<div class=\"qrt-divider-2\"><\/div>\n\t\t                    \t\t\t                    \t\t\t                    \t<div class=\"qrt-text qrt-white qrt-mb-20\">\n\t\t                    \t\t<span >\n\t\t\t\t\t\t\t\t\t\tTiny House Plus 80, 100 ve 120 ile daha kullan\u0131\u015fl\u0131 bir mutfak, daha ferah bir ya\u015fam alan\u0131, daha nezih bir banyo deneyimi sizi bekliyor.\t\t\t\t\t\t\t\t\t<\/span>\n\t\t                    \t<\/div>\n\t\t                    \t\t\t                     \t\t\t                     \t<a href=\"?portfolio=sunset-house\" class=\"qrt-btn qrt-btn-md qrt-btn-color qrt-cursor-scale qrt-anima-link qrt-mb-20\">\n\t\t                     \t\t<span >\n\t\t\t\t\t\t\t\t\t\t\u015eimdi Ke\u015ffedin\t\t\t\t\t\t\t\t\t<\/span>\n\t\t                     \t\t<i class=\"fas fa-arrow-right\"><\/i>\n\t\t                     \t<\/a>\n\t\t                     \t\t\t                    \t\t\t                    \t<a href=\"\/?page_id=406\" class=\"qrt-btn qrt-btn-md qrt-btn-border qrt-cursor-scale qrt-anima-link qrt-mb-20\">\n\t\t                    \t\t<span >\n\t\t\t\t\t\t\t\t\t\tBize Ula\u015f\u0131n\t\t\t\t\t\t\t\t\t<\/span>\n\t\t                    \t\t<i class=\"fas fa-arrow-right\"><\/i>\n\t\t                    \t<\/a>\n\t\t                    \t                \t\t\t<\/div>\n                \t\t<\/div>\n                \t<\/div>\n            \t<\/div>\n            <\/div>\n            \n          \t<\/div>\n        <\/div>\n    \t<\/div>\n        \n\t\t\t\t\t\t<\/div>\n\t\t\t\t<\/div>\n\t\t\t\t\t<\/div>\n\t\t<\/div>\n\t\t\t\t\t<\/div>\n\t\t<\/section>\n\t\t\t\t<\/div>\n\t\t","protected":false},"excerpt":{"rendered":"<p>prev next Mod\u00fcler Ya\u015fam Alanlar\u0131 T\u00fcrkiye ve uluslararas\u0131 projelerde toplam 30 y\u0131l\u0131 a\u015fk\u0131n tecr\u00fcbemizi art\u0131k Shipping Konteyner Mod\u00fcl Evler i\u00e7in&#8230; <span class=\"qrt-el-more\"><a href=\"https:\/\/www.ggtinyhouse.com\/\" class=\"qrt-link qrt-color-link qrt-cursor-scale qrt-w-chevron\">Read more<\/a><\/span><\/p>\n","protected":false},"author":1,"featured_media":0,"parent":0,"menu_order":0,"comment_status":"closed","ping_status":"closed","template":"template-layout-builder.php","meta":{"pagelayer_contact_templates":[],"_pagelayer_content":"","_mi_skip_tracking":false,"_monsterinsights_sitenote_active":false,"_monsterinsights_sitenote_note":"","_monsterinsights_sitenote_category":0,"footnotes":""},"class_list":["post-561","page","type-page","status-publish","hentry"],"acf":[],"yoast_head":"<!-- This site is optimized with the Yoast SEO plugin v27.4 - https:\/\/yoast.com\/product\/yoast-seo-wordpress\/ -->\n<title>Anasayfa - GG TINY HOUSE<\/title>\n<meta name=\"robots\" content=\"index, follow, max-snippet:-1, max-image-preview:large, max-video-preview:-1\" \/>\n<link rel=\"canonical\" href=\"https:\/\/www.ggtinyhouse.com\/\" \/>\n<meta property=\"og:locale\" content=\"tr_TR\" \/>\n<meta property=\"og:type\" content=\"article\" \/>\n<meta property=\"og:title\" content=\"Anasayfa - GG TINY HOUSE\" \/>\n<meta property=\"og:description\" content=\"prev next Mod\u00fcler Ya\u015fam Alanlar\u0131 T\u00fcrkiye ve uluslararas\u0131 projelerde toplam 30 y\u0131l\u0131 a\u015fk\u0131n tecr\u00fcbemizi art\u0131k Shipping Konteyner Mod\u00fcl Evler i\u00e7in... Read more\" \/>\n<meta property=\"og:url\" content=\"https:\/\/www.ggtinyhouse.com\/\" \/>\n<meta property=\"og:site_name\" content=\"GG TINY HOUSE\" \/>\n<meta property=\"article:modified_time\" content=\"2023-11-15T06:50:02+00:00\" \/>\n<meta property=\"og:image\" content=\"https:\/\/www.ggtinyhouse.com\/wp-content\/uploads\/2022\/11\/01_pasted-image-0.png\" \/>\n<meta name=\"twitter:card\" content=\"summary_large_image\" \/>\n<meta name=\"twitter:label1\" content=\"Tahmini okuma s\u00fcresi\" \/>\n\t<meta name=\"twitter:data1\" content=\"1 dakika\" \/>\n<script type=\"application\/ld+json\" class=\"yoast-schema-graph\">{\"@context\":\"https:\\\/\\\/schema.org\",\"@graph\":[{\"@type\":\"WebPage\",\"@id\":\"https:\\\/\\\/www.ggtinyhouse.com\\\/\",\"url\":\"https:\\\/\\\/www.ggtinyhouse.com\\\/\",\"name\":\"Anasayfa - GG TINY HOUSE\",\"isPartOf\":{\"@id\":\"https:\\\/\\\/www.ggtinyhouse.com\\\/#website\"},\"primaryImageOfPage\":{\"@id\":\"https:\\\/\\\/www.ggtinyhouse.com\\\/#primaryimage\"},\"image\":{\"@id\":\"https:\\\/\\\/www.ggtinyhouse.com\\\/#primaryimage\"},\"thumbnailUrl\":\"https:\\\/\\\/www.ggtinyhouse.com\\\/wp-content\\\/uploads\\\/2022\\\/11\\\/01_pasted-image-0.png\",\"datePublished\":\"2021-02-01T17:24:50+00:00\",\"dateModified\":\"2023-11-15T06:50:02+00:00\",\"breadcrumb\":{\"@id\":\"https:\\\/\\\/www.ggtinyhouse.com\\\/#breadcrumb\"},\"inLanguage\":\"tr\",\"potentialAction\":[{\"@type\":\"ReadAction\",\"target\":[\"https:\\\/\\\/www.ggtinyhouse.com\\\/\"]}]},{\"@type\":\"ImageObject\",\"inLanguage\":\"tr\",\"@id\":\"https:\\\/\\\/www.ggtinyhouse.com\\\/#primaryimage\",\"url\":\"https:\\\/\\\/www.ggtinyhouse.com\\\/wp-content\\\/uploads\\\/2022\\\/11\\\/01_pasted-image-0.png\",\"contentUrl\":\"https:\\\/\\\/www.ggtinyhouse.com\\\/wp-content\\\/uploads\\\/2022\\\/11\\\/01_pasted-image-0.png\",\"width\":1200,\"height\":802},{\"@type\":\"BreadcrumbList\",\"@id\":\"https:\\\/\\\/www.ggtinyhouse.com\\\/#breadcrumb\",\"itemListElement\":[{\"@type\":\"ListItem\",\"position\":1,\"name\":\"Home\",\"item\":\"https:\\\/\\\/www.ggtinyhouse.com\\\/\"},{\"@type\":\"ListItem\",\"position\":2,\"name\":\"Anasayfa\"}]},{\"@type\":\"WebSite\",\"@id\":\"https:\\\/\\\/www.ggtinyhouse.com\\\/#website\",\"url\":\"https:\\\/\\\/www.ggtinyhouse.com\\\/\",\"name\":\"GG TINY HOUSE\",\"description\":\"Mod&uuml;ler Ya\u015fam Alanlar\u0131\",\"publisher\":{\"@id\":\"https:\\\/\\\/www.ggtinyhouse.com\\\/#organization\"},\"potentialAction\":[{\"@type\":\"SearchAction\",\"target\":{\"@type\":\"EntryPoint\",\"urlTemplate\":\"https:\\\/\\\/www.ggtinyhouse.com\\\/?s={search_term_string}\"},\"query-input\":{\"@type\":\"PropertyValueSpecification\",\"valueRequired\":true,\"valueName\":\"search_term_string\"}}],\"inLanguage\":\"tr\"},{\"@type\":\"Organization\",\"@id\":\"https:\\\/\\\/www.ggtinyhouse.com\\\/#organization\",\"name\":\"GG TINY HOUSE\",\"url\":\"https:\\\/\\\/www.ggtinyhouse.com\\\/\",\"logo\":{\"@type\":\"ImageObject\",\"inLanguage\":\"tr\",\"@id\":\"https:\\\/\\\/www.ggtinyhouse.com\\\/#\\\/schema\\\/logo\\\/image\\\/\",\"url\":\"https:\\\/\\\/www.ggtinyhouse.com\\\/wp-content\\\/uploads\\\/2022\\\/11\\\/cropped-Logo512-512.png\",\"contentUrl\":\"https:\\\/\\\/www.ggtinyhouse.com\\\/wp-content\\\/uploads\\\/2022\\\/11\\\/cropped-Logo512-512.png\",\"width\":512,\"height\":512,\"caption\":\"GG TINY HOUSE\"},\"image\":{\"@id\":\"https:\\\/\\\/www.ggtinyhouse.com\\\/#\\\/schema\\\/logo\\\/image\\\/\"},\"sameAs\":[\"https:\\\/\\\/www.instagram.com\\\/ggtinyhouse\"]}]}<\/script>\n<!-- \/ Yoast SEO plugin. -->","yoast_head_json":{"title":"Anasayfa - GG TINY HOUSE","robots":{"index":"index","follow":"follow","max-snippet":"max-snippet:-1","max-image-preview":"max-image-preview:large","max-video-preview":"max-video-preview:-1"},"canonical":"https:\/\/www.ggtinyhouse.com\/","og_locale":"tr_TR","og_type":"article","og_title":"Anasayfa - GG TINY HOUSE","og_description":"prev next Mod\u00fcler Ya\u015fam Alanlar\u0131 T\u00fcrkiye ve uluslararas\u0131 projelerde toplam 30 y\u0131l\u0131 a\u015fk\u0131n tecr\u00fcbemizi art\u0131k Shipping Konteyner Mod\u00fcl Evler i\u00e7in... Read more","og_url":"https:\/\/www.ggtinyhouse.com\/","og_site_name":"GG TINY HOUSE","article_modified_time":"2023-11-15T06:50:02+00:00","og_image":[{"url":"https:\/\/www.ggtinyhouse.com\/wp-content\/uploads\/2022\/11\/01_pasted-image-0.png","type":"","width":"","height":""}],"twitter_card":"summary_large_image","twitter_misc":{"Tahmini okuma s\u00fcresi":"1 dakika"},"schema":{"@context":"https:\/\/schema.org","@graph":[{"@type":"WebPage","@id":"https:\/\/www.ggtinyhouse.com\/","url":"https:\/\/www.ggtinyhouse.com\/","name":"Anasayfa - GG TINY HOUSE","isPartOf":{"@id":"https:\/\/www.ggtinyhouse.com\/#website"},"primaryImageOfPage":{"@id":"https:\/\/www.ggtinyhouse.com\/#primaryimage"},"image":{"@id":"https:\/\/www.ggtinyhouse.com\/#primaryimage"},"thumbnailUrl":"https:\/\/www.ggtinyhouse.com\/wp-content\/uploads\/2022\/11\/01_pasted-image-0.png","datePublished":"2021-02-01T17:24:50+00:00","dateModified":"2023-11-15T06:50:02+00:00","breadcrumb":{"@id":"https:\/\/www.ggtinyhouse.com\/#breadcrumb"},"inLanguage":"tr","potentialAction":[{"@type":"ReadAction","target":["https:\/\/www.ggtinyhouse.com\/"]}]},{"@type":"ImageObject","inLanguage":"tr","@id":"https:\/\/www.ggtinyhouse.com\/#primaryimage","url":"https:\/\/www.ggtinyhouse.com\/wp-content\/uploads\/2022\/11\/01_pasted-image-0.png","contentUrl":"https:\/\/www.ggtinyhouse.com\/wp-content\/uploads\/2022\/11\/01_pasted-image-0.png","width":1200,"height":802},{"@type":"BreadcrumbList","@id":"https:\/\/www.ggtinyhouse.com\/#breadcrumb","itemListElement":[{"@type":"ListItem","position":1,"name":"Home","item":"https:\/\/www.ggtinyhouse.com\/"},{"@type":"ListItem","position":2,"name":"Anasayfa"}]},{"@type":"WebSite","@id":"https:\/\/www.ggtinyhouse.com\/#website","url":"https:\/\/www.ggtinyhouse.com\/","name":"GG TINY HOUSE","description":"Mod&uuml;ler Ya\u015fam Alanlar\u0131","publisher":{"@id":"https:\/\/www.ggtinyhouse.com\/#organization"},"potentialAction":[{"@type":"SearchAction","target":{"@type":"EntryPoint","urlTemplate":"https:\/\/www.ggtinyhouse.com\/?s={search_term_string}"},"query-input":{"@type":"PropertyValueSpecification","valueRequired":true,"valueName":"search_term_string"}}],"inLanguage":"tr"},{"@type":"Organization","@id":"https:\/\/www.ggtinyhouse.com\/#organization","name":"GG TINY HOUSE","url":"https:\/\/www.ggtinyhouse.com\/","logo":{"@type":"ImageObject","inLanguage":"tr","@id":"https:\/\/www.ggtinyhouse.com\/#\/schema\/logo\/image\/","url":"https:\/\/www.ggtinyhouse.com\/wp-content\/uploads\/2022\/11\/cropped-Logo512-512.png","contentUrl":"https:\/\/www.ggtinyhouse.com\/wp-content\/uploads\/2022\/11\/cropped-Logo512-512.png","width":512,"height":512,"caption":"GG TINY HOUSE"},"image":{"@id":"https:\/\/www.ggtinyhouse.com\/#\/schema\/logo\/image\/"},"sameAs":["https:\/\/www.instagram.com\/ggtinyhouse"]}]}},"_links":{"self":[{"href":"https:\/\/www.ggtinyhouse.com\/index.php?rest_route=\/wp\/v2\/pages\/561","targetHints":{"allow":["GET"]}}],"collection":[{"href":"https:\/\/www.ggtinyhouse.com\/index.php?rest_route=\/wp\/v2\/pages"}],"about":[{"href":"https:\/\/www.ggtinyhouse.com\/index.php?rest_route=\/wp\/v2\/types\/page"}],"author":[{"embeddable":true,"href":"https:\/\/www.ggtinyhouse.com\/index.php?rest_route=\/wp\/v2\/users\/1"}],"replies":[{"embeddable":true,"href":"https:\/\/www.ggtinyhouse.com\/index.php?rest_route=%2Fwp%2Fv2%2Fcomments&post=561"}],"version-history":[{"count":47,"href":"https:\/\/www.ggtinyhouse.com\/index.php?rest_route=\/wp\/v2\/pages\/561\/revisions"}],"predecessor-version":[{"id":2604,"href":"https:\/\/www.ggtinyhouse.com\/index.php?rest_route=\/wp\/v2\/pages\/561\/revisions\/2604"}],"wp:attachment":[{"href":"https:\/\/www.ggtinyhouse.com\/index.php?rest_route=%2Fwp%2Fv2%2Fmedia&parent=561"}],"curies":[{"name":"wp","href":"https:\/\/api.w.org\/{rel}","templated":true}]}}