{"id":406,"date":"2020-09-24T13:58:30","date_gmt":"2020-09-24T13:58:30","guid":{"rendered":"https:\/\/bslthemes.com\/quarty-demo\/?page_id=76"},"modified":"2025-08-05T08:53:19","modified_gmt":"2025-08-05T08:53:19","slug":"iletisim","status":"publish","type":"page","link":"https:\/\/www.ggtinyhouse.com\/?page_id=406","title":{"rendered":"\u0130leti\u015fim"},"content":{"rendered":"\t\t<div data-elementor-type=\"wp-page\" data-elementor-id=\"406\" class=\"elementor elementor-406\">\n\t\t\t\t\t\t<section class=\"elementor-section elementor-top-section elementor-element elementor-element-59b3d97 elementor-section-full_width elementor-section-height-default elementor-section-height-default\" data-id=\"59b3d97\" data-element_type=\"section\" data-e-type=\"section\">\n\t\t\t\t\t\t<div class=\"elementor-container elementor-column-gap-no\">\n\t\t\t\t\t<div class=\"elementor-column elementor-col-100 elementor-top-column elementor-element elementor-element-a1d78fa\" data-id=\"a1d78fa\" data-element_type=\"column\" data-e-type=\"column\">\n\t\t\t<div class=\"elementor-widget-wrap elementor-element-populated\">\n\t\t\t\t\t\t<div class=\"elementor-element elementor-element-99c223e elementor-widget elementor-widget-quarty-banner\" data-id=\"99c223e\" data-element_type=\"widget\" data-e-type=\"widget\" data-widget_type=\"quarty-banner.default\">\n\t\t\t\t<div class=\"elementor-widget-container\">\n\t\t\t\t\t\n\t\t<div class=\"row qrt-p-0-40\">\n          <div class=\"col-lg-12\">\n            <div class=\"qrt-page-cover\">\n                            <img decoding=\"async\" src=\"https:\/\/www.ggtinyhouse.com\/wp-content\/uploads\/2021\/03\/cover2.jpg\" alt=\"\" \/>\n                                          <div class=\"qrt-hint-frame\">\n                <div class=\"qrt-scroll-hint\">\n                  <span><\/span>\n                <\/div>\n              <\/div>\n          \t                              <div class=\"qrt-about-info\">\n                <div class=\"qrt-cover-info\">\n\t\t\t\t  <ul class=\"qrt-table\">\n\t\t\t\t\t                    <li>\n                      <h5 class=\"qrt-white\">\n                      \t<span >\n\t        \t\t\t\tFABR\u0130KA:\t        \t\t\t<\/span>\n                      <\/h5>\n                      <span >\n\t\t\t\t\t\tKazan, Ankara\t\t\t\t\t  <\/span>\n\t\t\t\t\t<\/li>\n                                        <li>\n                      <h5 class=\"qrt-white\">\n                      \t<span >\n\t        \t\t\t\tSHOWLAND:\t        \t\t\t<\/span>\n                      <\/h5>\n                      <span >\n\t\t\t\t\t\t\u0130ncek, Ankara\t\t\t\t\t  <\/span>\n\t\t\t\t\t<\/li>\n                    \t\t\t\t  <\/ul>\n                <\/div>\n              <\/div>\n         \t              <\/div>\n          <\/div>\n        <\/div>\n\n\t\t\t\t\t\t<\/div>\n\t\t\t\t<\/div>\n\t\t\t\t\t<\/div>\n\t\t<\/div>\n\t\t\t\t\t<\/div>\n\t\t<\/section>\n\t\t\t\t<section class=\"elementor-section elementor-top-section elementor-element elementor-element-6dfdb6d elementor-section-full_width elementor-section-height-default elementor-section-height-default\" data-id=\"6dfdb6d\" data-element_type=\"section\" data-e-type=\"section\">\n\t\t\t\t\t\t<div class=\"elementor-container elementor-column-gap-no\">\n\t\t\t\t\t<div class=\"elementor-column elementor-col-100 elementor-top-column elementor-element elementor-element-3dad790\" data-id=\"3dad790\" data-element_type=\"column\" data-e-type=\"column\">\n\t\t\t<div class=\"elementor-widget-wrap\">\n\t\t\t\t\t\t\t<\/div>\n\t\t<\/div>\n\t\t\t\t\t<\/div>\n\t\t<\/section>\n\t\t\t\t<section class=\"elementor-section elementor-top-section elementor-element elementor-element-409d73f elementor-section-full_width elementor-section-height-default elementor-section-height-default\" data-id=\"409d73f\" data-element_type=\"section\" data-e-type=\"section\">\n\t\t\t\t\t\t<div class=\"elementor-container elementor-column-gap-no\">\n\t\t\t\t\t<div class=\"elementor-column elementor-col-100 elementor-top-column elementor-element elementor-element-a6352f3\" data-id=\"a6352f3\" data-element_type=\"column\" data-e-type=\"column\">\n\t\t\t<div class=\"elementor-widget-wrap\">\n\t\t\t\t\t\t\t<\/div>\n\t\t<\/div>\n\t\t\t\t\t<\/div>\n\t\t<\/section>\n\t\t\t\t<section class=\"elementor-section elementor-top-section elementor-element elementor-element-5d3931c elementor-section-full_width elementor-section-height-default elementor-section-height-default\" data-id=\"5d3931c\" data-element_type=\"section\" data-e-type=\"section\">\n\t\t\t\t\t\t<div class=\"elementor-container elementor-column-gap-no\">\n\t\t\t\t\t<div class=\"elementor-column elementor-col-100 elementor-top-column elementor-element elementor-element-4bc57ec\" data-id=\"4bc57ec\" data-element_type=\"column\" data-e-type=\"column\">\n\t\t\t<div class=\"elementor-widget-wrap elementor-element-populated\">\n\t\t\t\t\t\t<div class=\"elementor-element elementor-element-01b88fc elementor-widget elementor-widget-quarty-contact-form\" data-id=\"01b88fc\" data-element_type=\"widget\" data-e-type=\"widget\" data-widget_type=\"quarty-contact-form.default\">\n\t\t\t\t<div class=\"elementor-widget-container\">\n\t\t\t\t\t\n\t\t<div class=\"qrt-section qrt-section-sf\">\n\t\t\t<div class=\"row\">\n                            <div class=\"col-lg-12\">\n                <h4 class=\"qrt-mb-40 qrt-title-h\">\n            \t\t<span >\n\t\t          \t\tSorular\u0131n\u0131z\u0131 Bekliyoruz\t\t         \t<\/span>\n            \t<\/h4>\n              <\/div>\n              \n                            <div class=\"col-lg-12\">\n              \t\n<div class=\"wpcf7 no-js\" id=\"wpcf7-f2357-o1\" lang=\"tr-TR\" dir=\"ltr\" data-wpcf7-id=\"2357\">\n<div class=\"screen-reader-response\"><p role=\"status\" aria-live=\"polite\" aria-atomic=\"true\"><\/p> <ul><\/ul><\/div>\n<form action=\"\/index.php?rest_route=%2Fwp%2Fv2%2Fpages%2F406#wpcf7-f2357-o1\" method=\"post\" class=\"wpcf7-form init\" aria-label=\"\u0130leti\u015fim Formu\" novalidate=\"novalidate\" data-status=\"init\">\n<fieldset class=\"hidden-fields-container\"><input type=\"hidden\" name=\"_wpcf7\" value=\"2357\" \/><input type=\"hidden\" name=\"_wpcf7_version\" value=\"6.1.5\" \/><input type=\"hidden\" name=\"_wpcf7_locale\" value=\"tr_TR\" \/><input type=\"hidden\" name=\"_wpcf7_unit_tag\" value=\"wpcf7-f2357-o1\" \/><input type=\"hidden\" name=\"_wpcf7_container_post\" value=\"0\" \/><input type=\"hidden\" name=\"_wpcf7_posted_data_hash\" value=\"\" \/>\n<\/fieldset>\n<div class=\"qrt-contact-form\">\n\t<div class=\"row\">\n\t\t<div class=\"col-lg-6\">\n\t\t\t<div class=\"qrt-form-field\">\n\t\t\t\t<span class=\"wpcf7-form-control-wrap\" data-name=\"your-name\"><input size=\"40\" maxlength=\"400\" class=\"wpcf7-form-control wpcf7-text wpcf7-validates-as-required qrt-input\" aria-required=\"true\" aria-invalid=\"false\" placeholder=\"Ad\u0131n\u0131z\" value=\"\" type=\"text\" name=\"your-name\" \/><\/span>\n\t\t\t\t<label><i class=\"fas fa-user\"><\/i><\/label>\n\t\t\t<\/div>\n\t\t<\/div>\n\t\t<div class=\"col-lg-6\">\n\t\t\t<div class=\"qrt-form-field\">\n\t\t\t\t<span class=\"wpcf7-form-control-wrap\" data-name=\"your-email\"><input size=\"40\" maxlength=\"400\" class=\"wpcf7-form-control wpcf7-email wpcf7-validates-as-required wpcf7-text wpcf7-validates-as-email qrt-input\" aria-required=\"true\" aria-invalid=\"false\" placeholder=\"Email adresiniz\" value=\"\" type=\"email\" name=\"your-email\" \/><\/span>\n\t\t\t\t<label><i class=\"fas fa-at\"><\/i><\/label>\n\t\t\t<\/div>\n\t\t<\/div>\n\t\t<div class=\"col-lg-12\">\n\t\t\t<div class=\"qrt-form-field\">\n\t\t\t\t<span class=\"wpcf7-form-control-wrap\" data-name=\"your-message\"><textarea cols=\"40\" rows=\"10\" maxlength=\"2000\" class=\"wpcf7-form-control wpcf7-textarea wpcf7-validates-as-required qrt-input\" aria-required=\"true\" aria-invalid=\"false\" placeholder=\"Mesaj\u0131n\u0131z\" name=\"your-message\"><\/textarea><\/span>\n\t\t\t\t<label><i class=\"far fa-envelope\"><\/i><\/label>\n\t\t\t<\/div>\n\t\t<\/div>\n\t\t<div class=\"col-md-6\">\n\t\t\t<div class=\"qrt-mb-20\">KVKK kapsam\u0131nda ki\u015fisel verileriniz \u00fc\u00e7\u00fcnc\u00fc \u015fah\u0131slarla payla\u015f\u0131lmaz.<\/div>\n\t\t<\/div>\n\t\t<div class=\"col-md-6\">\n\t\t\t<div class=\"qrt-submit-frame qrt-text-right qrt-sm-text-left qrt-mb-40\">\n\t\t\t\t<button class=\"qrt-btn qrt-btn-md qrt-btn-color qrt-cursor-scale\" type=\"submit\"><span>G\u00f6nder<\/span><\/button>\n\t\t\t<\/div>\n\t\t<\/div>\n\t<\/div>\n<\/div><div class=\"wpcf7-response-output\" aria-hidden=\"true\"><\/div>\n<\/form>\n<\/div>\n              <\/div>\n                          <\/div>\n        <\/div>\t\t\n\n\t\t\t\t\t\t<\/div>\n\t\t\t\t<\/div>\n\t\t\t\t<div class=\"elementor-element elementor-element-d40b6fc elementor-widget elementor-widget-quarty-contact-info\" data-id=\"d40b6fc\" data-element_type=\"widget\" data-e-type=\"widget\" data-widget_type=\"quarty-contact-info.default\">\n\t\t\t\t<div class=\"elementor-widget-container\">\n\t\t\t\t\t\n\t\t<div class=\"qrt-section qrt-section-sf\">\n\t\t\t<div class=\"row\">\n\t\t\t\t\t\t\t\t<div class=\"col-lg-12\">\n\t\t\t\t\t<h3 class=\"qrt-mb-40 qrt-title-h\">\n\t\t\t\t\t\t<span >\n\t\t          \t\t\t\u0130leti\u015fim Bilgileri\t\t         \t\t<\/span>\n\t\t\t\t\t<\/h3>\n\t\t\t\t<\/div>\n\t\t\t\t\n\t\t\t\t\t\t\t\t\t\t\t\t<div class=\"col-lg-4\">\n\t\t\t\t\t<div class=\"qrt-icon-box\">\n\t\t\t\t\t\t\t\t\t\t\t\t<!-- icon -->\n\t\t\t\t\t\t<img decoding=\"async\" class=\"mb-20\" src=\"https:\/\/www.ggtinyhouse.com\/wp-content\/uploads\/2021\/03\/icon-4.png\" alt=\"Telefonlar\u0131m\u0131z\">\n\t\t\t\t\t\t\t\t\t\t\t\t\t\t\t\t\t\t<!-- title -->\n\t\t\t\t\t\t<h4 class=\"mb-20\">\n\t\t\t\t\t\t\t<span >\n\t        \t\t\t\t\tTelefonlar\u0131m\u0131z\t        \t\t\t\t<\/span>\n\t\t\t\t\t\t<\/h4>\n\t\t\t\t\t\t\t\t\t\t\t\t\t\t\t\t\t\t<!-- description -->\n\t\t\t\t\t\t<div >\n\t        \t\t\t\t<p>+90 505 657 06 25<br \/><br \/><\/p>\t        \t\t\t<\/div>\n\t        \t\t\t\t\t\t\t\t<\/div>\n\t\t\t\t<\/div>\n\t\t\t\t\t\t\t\t<div class=\"col-lg-4\">\n\t\t\t\t\t<div class=\"qrt-icon-box\">\n\t\t\t\t\t\t\t\t\t\t\t\t<!-- icon -->\n\t\t\t\t\t\t<img decoding=\"async\" class=\"mb-20\" src=\"https:\/\/www.ggtinyhouse.com\/wp-content\/uploads\/2021\/03\/icon-5.png\" alt=\"Email\">\n\t\t\t\t\t\t\t\t\t\t\t\t\t\t\t\t\t\t<!-- title -->\n\t\t\t\t\t\t<h4 class=\"mb-20\">\n\t\t\t\t\t\t\t<span >\n\t        \t\t\t\t\tEmail\t        \t\t\t\t<\/span>\n\t\t\t\t\t\t<\/h4>\n\t\t\t\t\t\t\t\t\t\t\t\t\t\t\t\t\t\t<!-- description -->\n\t\t\t\t\t\t<div >\n\t        \t\t\t\t<p>bilgi@ggtinyhouse.com<\/p>\t        \t\t\t<\/div>\n\t        \t\t\t\t\t\t\t\t<\/div>\n\t\t\t\t<\/div>\n\t\t\t\t\t\t\t\t<div class=\"col-lg-4\">\n\t\t\t\t\t<div class=\"qrt-icon-box\">\n\t\t\t\t\t\t\t\t\t\t\t\t<!-- icon -->\n\t\t\t\t\t\t<img decoding=\"async\" class=\"mb-20\" src=\"https:\/\/www.ggtinyhouse.com\/wp-content\/uploads\/2021\/03\/icon-6.png\" alt=\"Konum (Yak\u0131nda)\">\n\t\t\t\t\t\t\t\t\t\t\t\t\t\t\t\t\t\t<!-- title -->\n\t\t\t\t\t\t<h4 class=\"mb-20\">\n\t\t\t\t\t\t\t<span >\n\t        \t\t\t\t\tKonum (Yak\u0131nda)\t        \t\t\t\t<\/span>\n\t\t\t\t\t\t<\/h4>\n\t\t\t\t\t\t\t\t\t\t\t\t\t\t\t\t\t\t<!-- description -->\n\t\t\t\t\t\t<div >\n\t        \t\t\t\t<p>\u015eehit Savc\u0131 Mah. \u0130ncek Bulvar\u0131, At\u0131l\u0131m \u00dcniversitesi Kav\u015fa\u011f\u0131, 06830, G\u00f6lba\u015f\u0131, Ankara<\/p>\t        \t\t\t<\/div>\n\t        \t\t\t\t\t\t\t\t<\/div>\n\t\t\t\t<\/div>\n\t\t\t\t\t\t\t\t<div class=\"col-lg-4\">\n\t\t\t\t\t<div class=\"qrt-icon-box\">\n\t\t\t\t\t\t\t\t\t\t\t\t<!-- icon -->\n\t\t\t\t\t\t<img decoding=\"async\" class=\"mb-20\" src=\"https:\/\/www.ggtinyhouse.com\/wp-content\/uploads\/2022\/11\/insta87390-256x256.png\" alt=\"Instagram\">\n\t\t\t\t\t\t\t\t\t\t\t\t\t\t\t\t\t\t<!-- title -->\n\t\t\t\t\t\t<h4 class=\"mb-20\">\n\t\t\t\t\t\t\t<span >\n\t        \t\t\t\t\tInstagram\t        \t\t\t\t<\/span>\n\t\t\t\t\t\t<\/h4>\n\t\t\t\t\t\t\t\t\t\t\t\t\t\t\t\t\t\t<!-- description -->\n\t\t\t\t\t\t<div >\n\t        \t\t\t\t<p><a href=\"https:\/\/www.instagram.com\/ggtinyhouse\/\">instagram.com\/ggtinyhouse<\/a><\/p>\t        \t\t\t<\/div>\n\t        \t\t\t\t\t\t\t\t<\/div>\n\t\t\t\t<\/div>\n\t\t\t\t\t\t\t\t<div class=\"col-lg-4\">\n\t\t\t\t\t<div class=\"qrt-icon-box\">\n\t\t\t\t\t\t\t\t\t\t\t\t<!-- icon -->\n\t\t\t\t\t\t<img decoding=\"async\" class=\"mb-20\" src=\"https:\/\/www.ggtinyhouse.com\/wp-content\/uploads\/2022\/11\/whatsapp-logo-112413FAA7-seeklogo.com_-254x256.png\" alt=\"Whatsapp\">\n\t\t\t\t\t\t\t\t\t\t\t\t\t\t\t\t\t\t<!-- title -->\n\t\t\t\t\t\t<h4 class=\"mb-20\">\n\t\t\t\t\t\t\t<span >\n\t        \t\t\t\t\tWhatsapp\t        \t\t\t\t<\/span>\n\t\t\t\t\t\t<\/h4>\n\t\t\t\t\t\t\t\t\t\t\t\t\t\t\t\t\t\t<!-- description -->\n\t\t\t\t\t\t<div >\n\t        \t\t\t\t<p><a href=\"https:\/\/api.whatsapp.com\/send?phone=905056570625\">+90 505 657 06 25<\/a><\/p>\t        \t\t\t<\/div>\n\t        \t\t\t\t\t\t\t\t<\/div>\n\t\t\t\t<\/div>\n\t\t\t\t\t\t  \t\t\t\t\t<\/div>\n\t\t<\/div>\n\n\t\t\t\t\t\t<\/div>\n\t\t\t\t<\/div>\n\t\t\t\t<div class=\"elementor-element elementor-element-4d3e8d1 elementor-widget elementor-widget-quarty-contact-map\" data-id=\"4d3e8d1\" data-element_type=\"widget\" data-e-type=\"widget\" data-widget_type=\"quarty-contact-map.default\">\n\t\t\t\t<div class=\"elementor-widget-container\">\n\t\t\t\t\t\n\t\t<div class=\"qrt-section qrt-section-sf\">\n\t\t\t<div class=\"row\">\n                            <div class=\"col-lg-12\">\n                <h3 class=\"qrt-mb-40 qrt-title-h\">\n            \t\t<span >\n\t\t          \t\tShowland\t\t         \t<\/span>\n            \t<\/h3>\n              <\/div>\n              \n                            <div class=\"col-lg-12\">\n              \t<div class=\"qrt-map-frame qrt-map-frame-2\">\n                  <div class=\"qrt-lock\"><i class=\"fas fa-lock\"><\/i><\/div>\n                  <div id=\"map\" data-long=\"32.719947\" data-lat=\"39.818440\" data-zoom=\"7\" class=\"qrt-map\"><\/div>\n                <\/div>\n              <\/div>\n                          <\/div>\n        <\/div>\t\t\n\n\t\t\t\t\t\t<\/div>\n\t\t\t\t<\/div>\n\t\t\t\t\t<\/div>\n\t\t<\/div>\n\t\t\t\t\t<\/div>\n\t\t<\/section>\n\t\t\t\t<\/div>\n\t\t","protected":false},"excerpt":{"rendered":"<p>FABR\u0130KA: Kazan, Ankara SHOWLAND: \u0130ncek, Ankara Sorular\u0131n\u0131z\u0131 Bekliyoruz KVKK kapsam\u0131nda ki\u015fisel verileriniz \u00fc\u00e7\u00fcnc\u00fc \u015fah\u0131slarla payla\u015f\u0131lmaz. G\u00f6nder \u0130leti\u015fim Bilgileri Telefonlar\u0131m\u0131z +90&#8230; <span class=\"qrt-el-more\"><a href=\"https:\/\/www.ggtinyhouse.com\/?page_id=406\" class=\"qrt-link qrt-color-link qrt-cursor-scale qrt-w-chevron\">Read more<\/a><\/span><\/p>\n","protected":false},"author":1,"featured_media":0,"parent":0,"menu_order":0,"comment_status":"closed","ping_status":"closed","template":"template-layout-builder.php","meta":{"pagelayer_contact_templates":[],"_pagelayer_content":"","_mi_skip_tracking":false,"_monsterinsights_sitenote_active":false,"_monsterinsights_sitenote_note":"","_monsterinsights_sitenote_category":0,"footnotes":""},"class_list":["post-406","page","type-page","status-publish","hentry"],"acf":[],"yoast_head":"<!-- This site is optimized with the Yoast SEO plugin v27.4 - https:\/\/yoast.com\/product\/yoast-seo-wordpress\/ -->\n<title>\u0130leti\u015fim - GG TINY HOUSE<\/title>\n<meta name=\"robots\" content=\"index, follow, max-snippet:-1, max-image-preview:large, max-video-preview:-1\" \/>\n<link rel=\"canonical\" href=\"https:\/\/www.ggtinyhouse.com\/?page_id=406\" \/>\n<meta property=\"og:locale\" content=\"tr_TR\" \/>\n<meta property=\"og:type\" content=\"article\" \/>\n<meta property=\"og:title\" content=\"\u0130leti\u015fim - GG TINY HOUSE\" \/>\n<meta property=\"og:description\" content=\"FABR\u0130KA: Kazan, Ankara SHOWLAND: \u0130ncek, Ankara Sorular\u0131n\u0131z\u0131 Bekliyoruz KVKK kapsam\u0131nda ki\u015fisel verileriniz \u00fc\u00e7\u00fcnc\u00fc \u015fah\u0131slarla payla\u015f\u0131lmaz. G\u00f6nder \u0130leti\u015fim Bilgileri Telefonlar\u0131m\u0131z +90... Read more\" \/>\n<meta property=\"og:url\" content=\"https:\/\/www.ggtinyhouse.com\/?page_id=406\" \/>\n<meta property=\"og:site_name\" content=\"GG TINY HOUSE\" \/>\n<meta property=\"article:modified_time\" content=\"2025-08-05T08:53:19+00:00\" \/>\n<meta property=\"og:image\" content=\"https:\/\/www.ggtinyhouse.com\/wp-content\/uploads\/2021\/03\/cover2.jpg\" \/>\n<meta name=\"twitter:card\" content=\"summary_large_image\" \/>\n<meta name=\"twitter:label1\" content=\"Tahmini okuma s\u00fcresi\" \/>\n\t<meta name=\"twitter:data1\" content=\"2 dakika\" \/>\n<script type=\"application\/ld+json\" class=\"yoast-schema-graph\">{\"@context\":\"https:\\\/\\\/schema.org\",\"@graph\":[{\"@type\":\"WebPage\",\"@id\":\"https:\\\/\\\/www.ggtinyhouse.com\\\/?page_id=406\",\"url\":\"https:\\\/\\\/www.ggtinyhouse.com\\\/?page_id=406\",\"name\":\"\u0130leti\u015fim - GG TINY HOUSE\",\"isPartOf\":{\"@id\":\"https:\\\/\\\/www.ggtinyhouse.com\\\/#website\"},\"primaryImageOfPage\":{\"@id\":\"https:\\\/\\\/www.ggtinyhouse.com\\\/?page_id=406#primaryimage\"},\"image\":{\"@id\":\"https:\\\/\\\/www.ggtinyhouse.com\\\/?page_id=406#primaryimage\"},\"thumbnailUrl\":\"https:\\\/\\\/www.ggtinyhouse.com\\\/wp-content\\\/uploads\\\/2021\\\/03\\\/cover2.jpg\",\"datePublished\":\"2020-09-24T13:58:30+00:00\",\"dateModified\":\"2025-08-05T08:53:19+00:00\",\"breadcrumb\":{\"@id\":\"https:\\\/\\\/www.ggtinyhouse.com\\\/?page_id=406#breadcrumb\"},\"inLanguage\":\"tr\",\"potentialAction\":[{\"@type\":\"ReadAction\",\"target\":[\"https:\\\/\\\/www.ggtinyhouse.com\\\/?page_id=406\"]}]},{\"@type\":\"ImageObject\",\"inLanguage\":\"tr\",\"@id\":\"https:\\\/\\\/www.ggtinyhouse.com\\\/?page_id=406#primaryimage\",\"url\":\"https:\\\/\\\/www.ggtinyhouse.com\\\/wp-content\\\/uploads\\\/2021\\\/03\\\/cover2.jpg\",\"contentUrl\":\"https:\\\/\\\/www.ggtinyhouse.com\\\/wp-content\\\/uploads\\\/2021\\\/03\\\/cover2.jpg\",\"width\":1867,\"height\":992},{\"@type\":\"BreadcrumbList\",\"@id\":\"https:\\\/\\\/www.ggtinyhouse.com\\\/?page_id=406#breadcrumb\",\"itemListElement\":[{\"@type\":\"ListItem\",\"position\":1,\"name\":\"Home\",\"item\":\"https:\\\/\\\/www.ggtinyhouse.com\\\/\"},{\"@type\":\"ListItem\",\"position\":2,\"name\":\"\u0130leti\u015fim\"}]},{\"@type\":\"WebSite\",\"@id\":\"https:\\\/\\\/www.ggtinyhouse.com\\\/#website\",\"url\":\"https:\\\/\\\/www.ggtinyhouse.com\\\/\",\"name\":\"GG TINY HOUSE\",\"description\":\"Mod&uuml;ler Ya\u015fam Alanlar\u0131\",\"publisher\":{\"@id\":\"https:\\\/\\\/www.ggtinyhouse.com\\\/#organization\"},\"potentialAction\":[{\"@type\":\"SearchAction\",\"target\":{\"@type\":\"EntryPoint\",\"urlTemplate\":\"https:\\\/\\\/www.ggtinyhouse.com\\\/?s={search_term_string}\"},\"query-input\":{\"@type\":\"PropertyValueSpecification\",\"valueRequired\":true,\"valueName\":\"search_term_string\"}}],\"inLanguage\":\"tr\"},{\"@type\":\"Organization\",\"@id\":\"https:\\\/\\\/www.ggtinyhouse.com\\\/#organization\",\"name\":\"GG TINY HOUSE\",\"url\":\"https:\\\/\\\/www.ggtinyhouse.com\\\/\",\"logo\":{\"@type\":\"ImageObject\",\"inLanguage\":\"tr\",\"@id\":\"https:\\\/\\\/www.ggtinyhouse.com\\\/#\\\/schema\\\/logo\\\/image\\\/\",\"url\":\"https:\\\/\\\/www.ggtinyhouse.com\\\/wp-content\\\/uploads\\\/2022\\\/11\\\/cropped-Logo512-512.png\",\"contentUrl\":\"https:\\\/\\\/www.ggtinyhouse.com\\\/wp-content\\\/uploads\\\/2022\\\/11\\\/cropped-Logo512-512.png\",\"width\":512,\"height\":512,\"caption\":\"GG TINY HOUSE\"},\"image\":{\"@id\":\"https:\\\/\\\/www.ggtinyhouse.com\\\/#\\\/schema\\\/logo\\\/image\\\/\"},\"sameAs\":[\"https:\\\/\\\/www.instagram.com\\\/ggtinyhouse\"]}]}<\/script>\n<!-- \/ Yoast SEO plugin. -->","yoast_head_json":{"title":"\u0130leti\u015fim - GG TINY HOUSE","robots":{"index":"index","follow":"follow","max-snippet":"max-snippet:-1","max-image-preview":"max-image-preview:large","max-video-preview":"max-video-preview:-1"},"canonical":"https:\/\/www.ggtinyhouse.com\/?page_id=406","og_locale":"tr_TR","og_type":"article","og_title":"\u0130leti\u015fim - GG TINY HOUSE","og_description":"FABR\u0130KA: Kazan, Ankara SHOWLAND: \u0130ncek, Ankara Sorular\u0131n\u0131z\u0131 Bekliyoruz KVKK kapsam\u0131nda ki\u015fisel verileriniz \u00fc\u00e7\u00fcnc\u00fc \u015fah\u0131slarla payla\u015f\u0131lmaz. G\u00f6nder \u0130leti\u015fim Bilgileri Telefonlar\u0131m\u0131z +90... Read more","og_url":"https:\/\/www.ggtinyhouse.com\/?page_id=406","og_site_name":"GG TINY HOUSE","article_modified_time":"2025-08-05T08:53:19+00:00","og_image":[{"url":"https:\/\/www.ggtinyhouse.com\/wp-content\/uploads\/2021\/03\/cover2.jpg","type":"","width":"","height":""}],"twitter_card":"summary_large_image","twitter_misc":{"Tahmini okuma s\u00fcresi":"2 dakika"},"schema":{"@context":"https:\/\/schema.org","@graph":[{"@type":"WebPage","@id":"https:\/\/www.ggtinyhouse.com\/?page_id=406","url":"https:\/\/www.ggtinyhouse.com\/?page_id=406","name":"\u0130leti\u015fim - GG TINY HOUSE","isPartOf":{"@id":"https:\/\/www.ggtinyhouse.com\/#website"},"primaryImageOfPage":{"@id":"https:\/\/www.ggtinyhouse.com\/?page_id=406#primaryimage"},"image":{"@id":"https:\/\/www.ggtinyhouse.com\/?page_id=406#primaryimage"},"thumbnailUrl":"https:\/\/www.ggtinyhouse.com\/wp-content\/uploads\/2021\/03\/cover2.jpg","datePublished":"2020-09-24T13:58:30+00:00","dateModified":"2025-08-05T08:53:19+00:00","breadcrumb":{"@id":"https:\/\/www.ggtinyhouse.com\/?page_id=406#breadcrumb"},"inLanguage":"tr","potentialAction":[{"@type":"ReadAction","target":["https:\/\/www.ggtinyhouse.com\/?page_id=406"]}]},{"@type":"ImageObject","inLanguage":"tr","@id":"https:\/\/www.ggtinyhouse.com\/?page_id=406#primaryimage","url":"https:\/\/www.ggtinyhouse.com\/wp-content\/uploads\/2021\/03\/cover2.jpg","contentUrl":"https:\/\/www.ggtinyhouse.com\/wp-content\/uploads\/2021\/03\/cover2.jpg","width":1867,"height":992},{"@type":"BreadcrumbList","@id":"https:\/\/www.ggtinyhouse.com\/?page_id=406#breadcrumb","itemListElement":[{"@type":"ListItem","position":1,"name":"Home","item":"https:\/\/www.ggtinyhouse.com\/"},{"@type":"ListItem","position":2,"name":"\u0130leti\u015fim"}]},{"@type":"WebSite","@id":"https:\/\/www.ggtinyhouse.com\/#website","url":"https:\/\/www.ggtinyhouse.com\/","name":"GG TINY HOUSE","description":"Mod&uuml;ler Ya\u015fam Alanlar\u0131","publisher":{"@id":"https:\/\/www.ggtinyhouse.com\/#organization"},"potentialAction":[{"@type":"SearchAction","target":{"@type":"EntryPoint","urlTemplate":"https:\/\/www.ggtinyhouse.com\/?s={search_term_string}"},"query-input":{"@type":"PropertyValueSpecification","valueRequired":true,"valueName":"search_term_string"}}],"inLanguage":"tr"},{"@type":"Organization","@id":"https:\/\/www.ggtinyhouse.com\/#organization","name":"GG TINY HOUSE","url":"https:\/\/www.ggtinyhouse.com\/","logo":{"@type":"ImageObject","inLanguage":"tr","@id":"https:\/\/www.ggtinyhouse.com\/#\/schema\/logo\/image\/","url":"https:\/\/www.ggtinyhouse.com\/wp-content\/uploads\/2022\/11\/cropped-Logo512-512.png","contentUrl":"https:\/\/www.ggtinyhouse.com\/wp-content\/uploads\/2022\/11\/cropped-Logo512-512.png","width":512,"height":512,"caption":"GG TINY HOUSE"},"image":{"@id":"https:\/\/www.ggtinyhouse.com\/#\/schema\/logo\/image\/"},"sameAs":["https:\/\/www.instagram.com\/ggtinyhouse"]}]}},"_links":{"self":[{"href":"https:\/\/www.ggtinyhouse.com\/index.php?rest_route=\/wp\/v2\/pages\/406","targetHints":{"allow":["GET"]}}],"collection":[{"href":"https:\/\/www.ggtinyhouse.com\/index.php?rest_route=\/wp\/v2\/pages"}],"about":[{"href":"https:\/\/www.ggtinyhouse.com\/index.php?rest_route=\/wp\/v2\/types\/page"}],"author":[{"embeddable":true,"href":"https:\/\/www.ggtinyhouse.com\/index.php?rest_route=\/wp\/v2\/users\/1"}],"replies":[{"embeddable":true,"href":"https:\/\/www.ggtinyhouse.com\/index.php?rest_route=%2Fwp%2Fv2%2Fcomments&post=406"}],"version-history":[{"count":66,"href":"https:\/\/www.ggtinyhouse.com\/index.php?rest_route=\/wp\/v2\/pages\/406\/revisions"}],"predecessor-version":[{"id":2642,"href":"https:\/\/www.ggtinyhouse.com\/index.php?rest_route=\/wp\/v2\/pages\/406\/revisions\/2642"}],"wp:attachment":[{"href":"https:\/\/www.ggtinyhouse.com\/index.php?rest_route=%2Fwp%2Fv2%2Fmedia&parent=406"}],"curies":[{"name":"wp","href":"https:\/\/api.w.org\/{rel}","templated":true}]}}